{"id":547580,"date":"2024-11-20T23:14:14","date_gmt":"2024-11-20T22:14:14","guid":{"rendered":"https:\/\/tilefly.com\/producto\/gleam-grey-57x232\/"},"modified":"2024-11-21T00:58:30","modified_gmt":"2024-11-20T23:58:30","slug":"gleam-grey-57x232","status":"publish","type":"product","link":"https:\/\/tilefly.com\/de\/produkt\/gleam-grey-57x232\/","title":{"rendered":"GLEAM GREY 5,7X23,2"},"content":{"rendered":"<h2><strong>GRAU SCHIMMERND 5,7X23,2<\/strong><\/h2><p><strong>Gleam Grey 5.7&#215;23.2<\/strong> bietet die Neutralit\u00e4t und Vielseitigkeit von Grau in einem eleganten, l\u00e4nglichen Format. Dieses Feinsteinzeug mit matter Oberfl\u00e4che ist ideal f\u00fcr Projekte, die eine Balance zwischen Funktionalit\u00e4t und zeitgen\u00f6ssischem Design erfordern. <\/p><p>Als Teil der <a href=\"https:\/\/tilefly.com\/producto\/downtown\/\">Downtown-Serie<\/a> passt dieses St\u00fcck perfekt zu modernen Dekorationsstilen und bietet eine n\u00fcchterne und raffinierte Basis.<\/p><p>Verleihen Sie Ihren R\u00e4umen Qualit\u00e4t und Stil mit diesem Modell, das Langlebigkeit und Eleganz garantiert.<\/p>","protected":false},"excerpt":{"rendered":"<p>GRAU SCHIMMERND 5,7X23,2Gleam Grey 5.7&#215;23.2 bietet die Neutralit\u00e4t und Vielseitigkeit von Grau in einem eleganten, l\u00e4nglichen Format. Dieses Feinsteinzeug mit matter Oberfl\u00e4che ist ideal f\u00fcr Projekte, die eine Balance zwischen Funktionalit\u00e4t und zeitgen\u00f6ssischem Design erfordern. Als Teil der Downtown-Serie passt dieses St\u00fcck perfekt zu modernen Dekorationsstilen und bietet eine n\u00fcchterne und raffinierte Basis.Verleihen Sie Ihren [&hellip;]<\/p>\n","protected":false},"featured_media":547317,"comment_status":"open","ping_status":"closed","template":"","meta":[],"product_brand":[],"product_cat":[457,458,456,459],"product_tag":[],"class_list":{"0":"post-547580","1":"product","2":"type-product","3":"status-publish","4":"has-post-thumbnail","6":"product_cat-badezimmer","7":"product_cat-kuchen","8":"product_cat-vohnzimmer","9":"product_cat-wandfliesen","11":"first","12":"outofstock","13":"shipping-taxable","14":"purchasable","15":"product-type-simple"},"_links":{"self":[{"href":"https:\/\/tilefly.com\/de\/wp-json\/wp\/v2\/product\/547580","targetHints":{"allow":["GET"]}}],"collection":[{"href":"https:\/\/tilefly.com\/de\/wp-json\/wp\/v2\/product"}],"about":[{"href":"https:\/\/tilefly.com\/de\/wp-json\/wp\/v2\/types\/product"}],"replies":[{"embeddable":true,"href":"https:\/\/tilefly.com\/de\/wp-json\/wp\/v2\/comments?post=547580"}],"wp:featuredmedia":[{"embeddable":true,"href":"https:\/\/tilefly.com\/de\/wp-json\/wp\/v2\/media\/547317"}],"wp:attachment":[{"href":"https:\/\/tilefly.com\/de\/wp-json\/wp\/v2\/media?parent=547580"}],"wp:term":[{"taxonomy":"product_brand","embeddable":true,"href":"https:\/\/tilefly.com\/de\/wp-json\/wp\/v2\/product_brand?post=547580"},{"taxonomy":"product_cat","embeddable":true,"href":"https:\/\/tilefly.com\/de\/wp-json\/wp\/v2\/product_cat?post=547580"},{"taxonomy":"product_tag","embeddable":true,"href":"https:\/\/tilefly.com\/de\/wp-json\/wp\/v2\/product_tag?post=547580"}],"curies":[{"name":"wp","href":"https:\/\/api.w.org\/{rel}","templated":true}]}}