{"id":547579,"date":"2024-11-20T23:14:06","date_gmt":"2024-11-20T22:14:06","guid":{"rendered":"https:\/\/tilefly.com\/producto\/gleam-pearl-57x232\/"},"modified":"2024-11-21T00:58:27","modified_gmt":"2024-11-20T23:58:27","slug":"gleam-pearl-57x232","status":"publish","type":"product","link":"https:\/\/tilefly.com\/de\/produkt\/gleam-pearl-57x232\/","title":{"rendered":"GLEAM PEARL 5,7X23,2"},"content":{"rendered":"<h2><strong>SCHIMMERNDE PERLE 5,7X23,2<\/strong><\/h2><p><strong>Gleam Pearl 5,7&#215;23,2<\/strong> erhellt jede Umgebung mit seinem sanften Perlton und seiner matten Oberfl\u00e4che. Dieses Feinsteinzeug ist ideal f\u00fcr Projekte, die Eleganz und Leuchtkraft in ihren R\u00e4umen suchen. <\/p><p>Er ist Teil der <a href=\"https:\/\/tilefly.com\/producto\/downtown\/\">Downtown-Serie<\/a>, die das Beste aus zeitgen\u00f6ssischem Design und Funktionalit\u00e4t vereint.<\/p><p>Verwandeln Sie Ihre Projekte mit diesem vielseitigen und langlebigen Modell, das Qualit\u00e4t in jedem Detail garantiert.<\/p>","protected":false},"excerpt":{"rendered":"<p>SCHIMMERNDE PERLE 5,7X23,2Gleam Pearl 5,7&#215;23,2 erhellt jede Umgebung mit seinem sanften Perlton und seiner matten Oberfl\u00e4che. Dieses Feinsteinzeug ist ideal f\u00fcr Projekte, die Eleganz und Leuchtkraft in ihren R\u00e4umen suchen. Er ist Teil der Downtown-Serie, die das Beste aus zeitgen\u00f6ssischem Design und Funktionalit\u00e4t vereint.Verwandeln Sie Ihre Projekte mit diesem vielseitigen und langlebigen Modell, das Qualit\u00e4t [&hellip;]<\/p>\n","protected":false},"featured_media":547264,"comment_status":"open","ping_status":"closed","template":"","meta":[],"product_brand":[],"product_cat":[457,458,456,459],"product_tag":[],"class_list":{"0":"post-547579","1":"product","2":"type-product","3":"status-publish","4":"has-post-thumbnail","6":"product_cat-badezimmer","7":"product_cat-kuchen","8":"product_cat-vohnzimmer","9":"product_cat-wandfliesen","11":"first","12":"instock","13":"shipping-taxable","14":"purchasable","15":"product-type-simple"},"_links":{"self":[{"href":"https:\/\/tilefly.com\/de\/wp-json\/wp\/v2\/product\/547579","targetHints":{"allow":["GET"]}}],"collection":[{"href":"https:\/\/tilefly.com\/de\/wp-json\/wp\/v2\/product"}],"about":[{"href":"https:\/\/tilefly.com\/de\/wp-json\/wp\/v2\/types\/product"}],"replies":[{"embeddable":true,"href":"https:\/\/tilefly.com\/de\/wp-json\/wp\/v2\/comments?post=547579"}],"wp:featuredmedia":[{"embeddable":true,"href":"https:\/\/tilefly.com\/de\/wp-json\/wp\/v2\/media\/547264"}],"wp:attachment":[{"href":"https:\/\/tilefly.com\/de\/wp-json\/wp\/v2\/media?parent=547579"}],"wp:term":[{"taxonomy":"product_brand","embeddable":true,"href":"https:\/\/tilefly.com\/de\/wp-json\/wp\/v2\/product_brand?post=547579"},{"taxonomy":"product_cat","embeddable":true,"href":"https:\/\/tilefly.com\/de\/wp-json\/wp\/v2\/product_cat?post=547579"},{"taxonomy":"product_tag","embeddable":true,"href":"https:\/\/tilefly.com\/de\/wp-json\/wp\/v2\/product_tag?post=547579"}],"curies":[{"name":"wp","href":"https:\/\/api.w.org\/{rel}","templated":true}]}}