{"id":547563,"date":"2024-11-20T23:13:43","date_gmt":"2024-11-20T22:13:43","guid":{"rendered":"https:\/\/tilefly.com\/producto\/gleam-pearl-115x115\/"},"modified":"2024-11-21T00:57:40","modified_gmt":"2024-11-20T23:57:40","slug":"gleam-pearl-115x115","status":"publish","type":"product","link":"https:\/\/tilefly.com\/de\/produkt\/gleam-pearl-115x115\/","title":{"rendered":"GLEAM PEARL 11,5X11,5"},"content":{"rendered":"<h2><strong>SCHIMMERNDE PERLE 11,5X11,5<\/strong><\/h2><p><strong>Gleam Pearl 11,5&#215;11,5<\/strong> kombiniert den zarten Perlton mit einer matten Oberfl\u00e4che f\u00fcr eine klare und moderne \u00c4sthetik. Diese Feinsteinzeugfliese ist ideal f\u00fcr alle, die Helligkeit und Eleganz in ihren R\u00e4umen suchen. <\/p><p>Als Teil der <a href=\"https:\/\/tilefly.com\/producto\/downtown\/\">Downtown-Kollektion<\/a> verbindet dieses St\u00fcck die Essenz von Beton mit einem raffinierten und funktionalen Design.<\/p><p>Dieses Modell eignet sich perfekt f\u00fcr private und gewerbliche Projekte und garantiert Qualit\u00e4t, Haltbarkeit und Stil.<\/p>","protected":false},"excerpt":{"rendered":"<p>SCHIMMERNDE PERLE 11,5X11,5Gleam Pearl 11,5&#215;11,5 kombiniert den zarten Perlton mit einer matten Oberfl\u00e4che f\u00fcr eine klare und moderne \u00c4sthetik. Diese Feinsteinzeugfliese ist ideal f\u00fcr alle, die Helligkeit und Eleganz in ihren R\u00e4umen suchen. Als Teil der Downtown-Kollektion verbindet dieses St\u00fcck die Essenz von Beton mit einem raffinierten und funktionalen Design.Dieses Modell eignet sich perfekt f\u00fcr [&hellip;]<\/p>\n","protected":false},"featured_media":547108,"comment_status":"open","ping_status":"closed","template":"","meta":[],"product_brand":[],"product_cat":[457,458,456,459],"product_tag":[],"class_list":{"0":"post-547563","1":"product","2":"type-product","3":"status-publish","4":"has-post-thumbnail","6":"product_cat-badezimmer","7":"product_cat-kuchen","8":"product_cat-vohnzimmer","9":"product_cat-wandfliesen","11":"first","12":"instock","13":"shipping-taxable","14":"purchasable","15":"product-type-simple"},"_links":{"self":[{"href":"https:\/\/tilefly.com\/de\/wp-json\/wp\/v2\/product\/547563","targetHints":{"allow":["GET"]}}],"collection":[{"href":"https:\/\/tilefly.com\/de\/wp-json\/wp\/v2\/product"}],"about":[{"href":"https:\/\/tilefly.com\/de\/wp-json\/wp\/v2\/types\/product"}],"replies":[{"embeddable":true,"href":"https:\/\/tilefly.com\/de\/wp-json\/wp\/v2\/comments?post=547563"}],"wp:featuredmedia":[{"embeddable":true,"href":"https:\/\/tilefly.com\/de\/wp-json\/wp\/v2\/media\/547108"}],"wp:attachment":[{"href":"https:\/\/tilefly.com\/de\/wp-json\/wp\/v2\/media?parent=547563"}],"wp:term":[{"taxonomy":"product_brand","embeddable":true,"href":"https:\/\/tilefly.com\/de\/wp-json\/wp\/v2\/product_brand?post=547563"},{"taxonomy":"product_cat","embeddable":true,"href":"https:\/\/tilefly.com\/de\/wp-json\/wp\/v2\/product_cat?post=547563"},{"taxonomy":"product_tag","embeddable":true,"href":"https:\/\/tilefly.com\/de\/wp-json\/wp\/v2\/product_tag?post=547563"}],"curies":[{"name":"wp","href":"https:\/\/api.w.org\/{rel}","templated":true}]}}