{"id":547559,"date":"2024-11-20T23:13:48","date_gmt":"2024-11-20T22:13:48","guid":{"rendered":"https:\/\/tilefly.com\/producto\/gleam-rose-115x115\/"},"modified":"2024-11-21T00:57:32","modified_gmt":"2024-11-20T23:57:32","slug":"gleam-rose-115x115","status":"publish","type":"product","link":"https:\/\/tilefly.com\/de\/produkt\/gleam-rose-115x115\/","title":{"rendered":"GLEAM ROSE 11,5X11,5"},"content":{"rendered":"<h2><strong>SCHIMMERNDE ROSE 11,5X11,5<\/strong><\/h2><p><strong>Gleam Rose 11,5&#215;11,5<\/strong> verleiht Ihren R\u00e4umen mit ihrem zarten rosa Farbton und der matten Oberfl\u00e4che einen unverwechselbaren Touch. Dieses Feinsteinzeug vereint Modernit\u00e4t und W\u00e4rme, ideal f\u00fcr einzigartige und originelle Projekte. <\/p><p>Sie ist Teil der Serie <a href=\"https:\/\/tilefly.com\/producto\/downtown\/\">Downtown<\/a>, die sich durch ihre von der Zement- und Keramiktradition inspirierten Designs auszeichnet.<\/p><p>Machen Sie Ihre R\u00e4ume zu einem Spiegelbild von Stil und Pers\u00f6nlichkeit mit diesem vielseitigen und eleganten Modell.<\/p>","protected":false},"excerpt":{"rendered":"<p>SCHIMMERNDE ROSE 11,5X11,5Gleam Rose 11,5&#215;11,5 verleiht Ihren R\u00e4umen mit ihrem zarten rosa Farbton und der matten Oberfl\u00e4che einen unverwechselbaren Touch. Dieses Feinsteinzeug vereint Modernit\u00e4t und W\u00e4rme, ideal f\u00fcr einzigartige und originelle Projekte. Sie ist Teil der Serie Downtown, die sich durch ihre von der Zement- und Keramiktradition inspirierten Designs auszeichnet.Machen Sie Ihre R\u00e4ume zu einem [&hellip;]<\/p>\n","protected":false},"featured_media":547134,"comment_status":"open","ping_status":"closed","template":"","meta":[],"product_brand":[],"product_cat":[457,458,456,459],"product_tag":[],"class_list":{"0":"post-547559","1":"product","2":"type-product","3":"status-publish","4":"has-post-thumbnail","6":"product_cat-badezimmer","7":"product_cat-kuchen","8":"product_cat-vohnzimmer","9":"product_cat-wandfliesen","11":"first","12":"outofstock","13":"shipping-taxable","14":"purchasable","15":"product-type-simple"},"_links":{"self":[{"href":"https:\/\/tilefly.com\/de\/wp-json\/wp\/v2\/product\/547559","targetHints":{"allow":["GET"]}}],"collection":[{"href":"https:\/\/tilefly.com\/de\/wp-json\/wp\/v2\/product"}],"about":[{"href":"https:\/\/tilefly.com\/de\/wp-json\/wp\/v2\/types\/product"}],"replies":[{"embeddable":true,"href":"https:\/\/tilefly.com\/de\/wp-json\/wp\/v2\/comments?post=547559"}],"wp:featuredmedia":[{"embeddable":true,"href":"https:\/\/tilefly.com\/de\/wp-json\/wp\/v2\/media\/547134"}],"wp:attachment":[{"href":"https:\/\/tilefly.com\/de\/wp-json\/wp\/v2\/media?parent=547559"}],"wp:term":[{"taxonomy":"product_brand","embeddable":true,"href":"https:\/\/tilefly.com\/de\/wp-json\/wp\/v2\/product_brand?post=547559"},{"taxonomy":"product_cat","embeddable":true,"href":"https:\/\/tilefly.com\/de\/wp-json\/wp\/v2\/product_cat?post=547559"},{"taxonomy":"product_tag","embeddable":true,"href":"https:\/\/tilefly.com\/de\/wp-json\/wp\/v2\/product_tag?post=547559"}],"curies":[{"name":"wp","href":"https:\/\/api.w.org\/{rel}","templated":true}]}}