{"id":547553,"date":"2024-11-20T23:12:52","date_gmt":"2024-11-20T22:12:52","guid":{"rendered":"https:\/\/tilefly.com\/producto\/downtown-rose-115x115\/"},"modified":"2024-11-21T00:57:11","modified_gmt":"2024-11-20T23:57:11","slug":"downtown-rose-115x115","status":"publish","type":"product","link":"https:\/\/tilefly.com\/de\/produkt\/downtown-rose-115x115\/","title":{"rendered":"DOWNTOWN ROSE 11,5X11,5"},"content":{"rendered":"<h2><strong>STADTZENTRUM ROSE 11,5X11,5<\/strong><\/h2><p>Das <strong>Downtown Rose 11.5&#215;11.5<\/strong> bringt mit seinem rosa Farbton einen zarten und modernen Touch mit sich, perfekt f\u00fcr Projekte, die auffallen sollen. Seine matte, rutschfeste Oberfl\u00e4che CLASS 2 gew\u00e4hrleistet Sicherheit und Funktionalit\u00e4t, ohne die \u00c4sthetik zu beeintr\u00e4chtigen. <\/p><p>Als Teil der <a href=\"https:\/\/tilefly.com\/producto\/downtown\/\">Downtown<\/a> Kollektion spiegelt dieses St\u00fcck die perfekte Kombination aus Tradition und zeitgen\u00f6ssischem Design wider.<\/p><p>Verwandeln Sie Ihre R\u00e4ume mit diesem einzigartigen St\u00fcck, das sich ideal f\u00fcr private und gewerbliche Anwendungen eignet.<\/p>","protected":false},"excerpt":{"rendered":"<p>STADTZENTRUM ROSE 11,5X11,5Das Downtown Rose 11.5&#215;11.5 bringt mit seinem rosa Farbton einen zarten und modernen Touch mit sich, perfekt f\u00fcr Projekte, die auffallen sollen. Seine matte, rutschfeste Oberfl\u00e4che CLASS 2 gew\u00e4hrleistet Sicherheit und Funktionalit\u00e4t, ohne die \u00c4sthetik zu beeintr\u00e4chtigen. Als Teil der Downtown Kollektion spiegelt dieses St\u00fcck die perfekte Kombination aus Tradition und zeitgen\u00f6ssischem Design [&hellip;]<\/p>\n","protected":false},"featured_media":546978,"comment_status":"open","ping_status":"closed","template":"","meta":[],"product_brand":[],"product_cat":[457,458,456,459],"product_tag":[],"class_list":{"0":"post-547553","1":"product","2":"type-product","3":"status-publish","4":"has-post-thumbnail","6":"product_cat-badezimmer","7":"product_cat-kuchen","8":"product_cat-vohnzimmer","9":"product_cat-wandfliesen","11":"first","12":"outofstock","13":"shipping-taxable","14":"purchasable","15":"product-type-simple"},"_links":{"self":[{"href":"https:\/\/tilefly.com\/de\/wp-json\/wp\/v2\/product\/547553","targetHints":{"allow":["GET"]}}],"collection":[{"href":"https:\/\/tilefly.com\/de\/wp-json\/wp\/v2\/product"}],"about":[{"href":"https:\/\/tilefly.com\/de\/wp-json\/wp\/v2\/types\/product"}],"replies":[{"embeddable":true,"href":"https:\/\/tilefly.com\/de\/wp-json\/wp\/v2\/comments?post=547553"}],"wp:featuredmedia":[{"embeddable":true,"href":"https:\/\/tilefly.com\/de\/wp-json\/wp\/v2\/media\/546978"}],"wp:attachment":[{"href":"https:\/\/tilefly.com\/de\/wp-json\/wp\/v2\/media?parent=547553"}],"wp:term":[{"taxonomy":"product_brand","embeddable":true,"href":"https:\/\/tilefly.com\/de\/wp-json\/wp\/v2\/product_brand?post=547553"},{"taxonomy":"product_cat","embeddable":true,"href":"https:\/\/tilefly.com\/de\/wp-json\/wp\/v2\/product_cat?post=547553"},{"taxonomy":"product_tag","embeddable":true,"href":"https:\/\/tilefly.com\/de\/wp-json\/wp\/v2\/product_tag?post=547553"}],"curies":[{"name":"wp","href":"https:\/\/api.w.org\/{rel}","templated":true}]}}