{"id":547546,"date":"2024-11-20T23:11:44","date_gmt":"2024-11-20T22:11:44","guid":{"rendered":"https:\/\/tilefly.com\/producto\/downtown-sand-115x115\/"},"modified":"2024-11-21T00:56:57","modified_gmt":"2024-11-20T23:56:57","slug":"downtown-sand-115x115","status":"publish","type":"product","link":"https:\/\/tilefly.com\/de\/produkt\/downtown-sand-115x115\/","title":{"rendered":"DOWNTOWN SAND 11,5X11,5"},"content":{"rendered":"<h2><strong>STADTSAND 11,5X11,5<\/strong><\/h2><p><strong>Downtown Sand 11.5&#215;11.5<\/strong> bietet einen warmen Beigeton in einem kleinen Format, das die Vielseitigkeit maximiert. Diese Feinsteinzeugfliese ist mit einer rutschfesten, matten Oberfl\u00e4che der Klasse 2 versehen und eignet sich ideal f\u00fcr funktionale und elegante R\u00e4ume. <\/p><p>Er geh\u00f6rt zur Kollektion <a href=\"https:\/\/tilefly.com\/producto\/downtown\/\">Downtown<\/a>, die f\u00fcr ihre F\u00e4higkeit bekannt ist, Umgebungen mit der Modernit\u00e4t von Zement und raffiniertem Design zu ver\u00e4ndern.<\/p><p>Dieses Modell eignet sich perfekt f\u00fcr private und gewerbliche Projekte und garantiert Qualit\u00e4t und Stil in jeder Ecke.<\/p>","protected":false},"excerpt":{"rendered":"<p>STADTSAND 11,5X11,5Downtown Sand 11.5&#215;11.5 bietet einen warmen Beigeton in einem kleinen Format, das die Vielseitigkeit maximiert. Diese Feinsteinzeugfliese ist mit einer rutschfesten, matten Oberfl\u00e4che der Klasse 2 versehen und eignet sich ideal f\u00fcr funktionale und elegante R\u00e4ume. Er geh\u00f6rt zur Kollektion Downtown, die f\u00fcr ihre F\u00e4higkeit bekannt ist, Umgebungen mit der Modernit\u00e4t von Zement und [&hellip;]<\/p>\n","protected":false},"featured_media":546900,"comment_status":"open","ping_status":"closed","template":"","meta":[],"product_brand":[],"product_cat":[457,458,456,459],"product_tag":[],"class_list":{"0":"post-547546","1":"product","2":"type-product","3":"status-publish","4":"has-post-thumbnail","6":"product_cat-badezimmer","7":"product_cat-kuchen","8":"product_cat-vohnzimmer","9":"product_cat-wandfliesen","11":"first","12":"instock","13":"shipping-taxable","14":"purchasable","15":"product-type-simple"},"_links":{"self":[{"href":"https:\/\/tilefly.com\/de\/wp-json\/wp\/v2\/product\/547546","targetHints":{"allow":["GET"]}}],"collection":[{"href":"https:\/\/tilefly.com\/de\/wp-json\/wp\/v2\/product"}],"about":[{"href":"https:\/\/tilefly.com\/de\/wp-json\/wp\/v2\/types\/product"}],"replies":[{"embeddable":true,"href":"https:\/\/tilefly.com\/de\/wp-json\/wp\/v2\/comments?post=547546"}],"wp:featuredmedia":[{"embeddable":true,"href":"https:\/\/tilefly.com\/de\/wp-json\/wp\/v2\/media\/546900"}],"wp:attachment":[{"href":"https:\/\/tilefly.com\/de\/wp-json\/wp\/v2\/media?parent=547546"}],"wp:term":[{"taxonomy":"product_brand","embeddable":true,"href":"https:\/\/tilefly.com\/de\/wp-json\/wp\/v2\/product_brand?post=547546"},{"taxonomy":"product_cat","embeddable":true,"href":"https:\/\/tilefly.com\/de\/wp-json\/wp\/v2\/product_cat?post=547546"},{"taxonomy":"product_tag","embeddable":true,"href":"https:\/\/tilefly.com\/de\/wp-json\/wp\/v2\/product_tag?post=547546"}],"curies":[{"name":"wp","href":"https:\/\/api.w.org\/{rel}","templated":true}]}}