{"id":547537,"date":"2024-11-20T23:10:50","date_gmt":"2024-11-20T22:10:50","guid":{"rendered":"https:\/\/tilefly.com\/producto\/downtown-rose-57x232\/"},"modified":"2024-11-21T00:56:50","modified_gmt":"2024-11-20T23:56:50","slug":"downtown-rose-57x232","status":"publish","type":"product","link":"https:\/\/tilefly.com\/de\/produkt\/downtown-rose-57x232\/","title":{"rendered":"DOWNTOWN ROSE 5,7X23,2"},"content":{"rendered":"<h2><strong>ROSE IM STADTZENTRUM 5,7X23,2<\/strong><\/h2><p><strong>Downtown Rose 5,7&#215;23,2<\/strong> bringt mit seinem rosa Farbton einen zarten Hauch von Farbe ins Spiel, ideal f\u00fcr alle, die ein innovatives und warmes Design suchen. Diese Feinsteinzeugfliese hat eine matte, rutschfeste CLASS 2 Oberfl\u00e4che, die Funktionalit\u00e4t und Stil garantiert. <\/p><p>Als Teil der <a href=\"https:\/\/tilefly.com\/producto\/downtown\/\">Downtown-Serie<\/a> ist dieses M\u00f6belst\u00fcck perfekt f\u00fcr R\u00e4ume, die sich durch ein modernes und elegantes Design auszeichnen m\u00f6chten.<\/p><p>Verwandeln Sie Ihre Umgebung mit diesem von der Stadt inspirierten St\u00fcck, das sich ideal f\u00fcr Wohn- und Gesch\u00e4ftsprojekte eignet.<\/p>","protected":false},"excerpt":{"rendered":"<p>ROSE IM STADTZENTRUM 5,7X23,2Downtown Rose 5,7&#215;23,2 bringt mit seinem rosa Farbton einen zarten Hauch von Farbe ins Spiel, ideal f\u00fcr alle, die ein innovatives und warmes Design suchen. Diese Feinsteinzeugfliese hat eine matte, rutschfeste CLASS 2 Oberfl\u00e4che, die Funktionalit\u00e4t und Stil garantiert. Als Teil der Downtown-Serie ist dieses M\u00f6belst\u00fcck perfekt f\u00fcr R\u00e4ume, die sich durch [&hellip;]<\/p>\n","protected":false},"featured_media":546848,"comment_status":"open","ping_status":"closed","template":"","meta":[],"product_brand":[],"product_cat":[457,458,456,459],"product_tag":[],"class_list":{"0":"post-547537","1":"product","2":"type-product","3":"status-publish","4":"has-post-thumbnail","6":"product_cat-badezimmer","7":"product_cat-kuchen","8":"product_cat-vohnzimmer","9":"product_cat-wandfliesen","11":"first","12":"instock","13":"shipping-taxable","14":"purchasable","15":"product-type-simple"},"_links":{"self":[{"href":"https:\/\/tilefly.com\/de\/wp-json\/wp\/v2\/product\/547537","targetHints":{"allow":["GET"]}}],"collection":[{"href":"https:\/\/tilefly.com\/de\/wp-json\/wp\/v2\/product"}],"about":[{"href":"https:\/\/tilefly.com\/de\/wp-json\/wp\/v2\/types\/product"}],"replies":[{"embeddable":true,"href":"https:\/\/tilefly.com\/de\/wp-json\/wp\/v2\/comments?post=547537"}],"wp:featuredmedia":[{"embeddable":true,"href":"https:\/\/tilefly.com\/de\/wp-json\/wp\/v2\/media\/546848"}],"wp:attachment":[{"href":"https:\/\/tilefly.com\/de\/wp-json\/wp\/v2\/media?parent=547537"}],"wp:term":[{"taxonomy":"product_brand","embeddable":true,"href":"https:\/\/tilefly.com\/de\/wp-json\/wp\/v2\/product_brand?post=547537"},{"taxonomy":"product_cat","embeddable":true,"href":"https:\/\/tilefly.com\/de\/wp-json\/wp\/v2\/product_cat?post=547537"},{"taxonomy":"product_tag","embeddable":true,"href":"https:\/\/tilefly.com\/de\/wp-json\/wp\/v2\/product_tag?post=547537"}],"curies":[{"name":"wp","href":"https:\/\/api.w.org\/{rel}","templated":true}]}}