{"id":547520,"date":"2024-11-20T23:09:55","date_gmt":"2024-11-20T22:09:55","guid":{"rendered":"https:\/\/tilefly.com\/producto\/downtown-rose-115x232\/"},"modified":"2024-11-21T00:56:37","modified_gmt":"2024-11-20T23:56:37","slug":"downtown-rose-115x232","status":"publish","type":"product","link":"https:\/\/tilefly.com\/de\/produkt\/downtown-rose-115x232\/","title":{"rendered":"DOWNTOWN ROSE 11,5X23,2"},"content":{"rendered":"<h2><strong>STADTZENTRUM ROSE 11,5X23,2<\/strong><\/h2><p><strong>Downtown Rose 11,5&#215;23,2<\/strong> verleiht mit seinem zarten Rosaton einen warmen und einzigartigen Touch. Ideal f\u00fcr Projekte, die sich durch Originalit\u00e4t und Raffinesse auszeichnen sollen. Diese Feinsteinzeugfliese bietet eine rutschhemmende, matte Oberfl\u00e4che der Klasse 2, die f\u00fcr Sicherheit sorgt, ohne die \u00c4sthetik zu beeintr\u00e4chtigen. <\/p><p>Als Teil der <a href=\"https:\/\/tilefly.com\/producto\/downtown\/\">Downtown-Kollektion<\/a> kombiniert dieses M\u00f6belst\u00fcck die Modernit\u00e4t von Zement mit der Zartheit seiner Farbe und schafft helle und einladende Umgebungen.<\/p><p>Er eignet sich perfekt f\u00fcr Innen- und Au\u00dfenbereiche. Durch sein kleines Format ist er \u00e4u\u00dferst vielseitig und l\u00e4sst sich leicht in moderne Dekorationsprojekte integrieren.<\/p>","protected":false},"excerpt":{"rendered":"<p>STADTZENTRUM ROSE 11,5X23,2Downtown Rose 11,5&#215;23,2 verleiht mit seinem zarten Rosaton einen warmen und einzigartigen Touch. Ideal f\u00fcr Projekte, die sich durch Originalit\u00e4t und Raffinesse auszeichnen sollen. Diese Feinsteinzeugfliese bietet eine rutschhemmende, matte Oberfl\u00e4che der Klasse 2, die f\u00fcr Sicherheit sorgt, ohne die \u00c4sthetik zu beeintr\u00e4chtigen. Als Teil der Downtown-Kollektion kombiniert dieses M\u00f6belst\u00fcck die Modernit\u00e4t von [&hellip;]<\/p>\n","protected":false},"featured_media":546770,"comment_status":"open","ping_status":"closed","template":"","meta":[],"product_brand":[],"product_cat":[457,458,456,459],"product_tag":[],"class_list":{"0":"post-547520","1":"product","2":"type-product","3":"status-publish","4":"has-post-thumbnail","6":"product_cat-badezimmer","7":"product_cat-kuchen","8":"product_cat-vohnzimmer","9":"product_cat-wandfliesen","11":"first","12":"instock","13":"shipping-taxable","14":"purchasable","15":"product-type-simple"},"_links":{"self":[{"href":"https:\/\/tilefly.com\/de\/wp-json\/wp\/v2\/product\/547520","targetHints":{"allow":["GET"]}}],"collection":[{"href":"https:\/\/tilefly.com\/de\/wp-json\/wp\/v2\/product"}],"about":[{"href":"https:\/\/tilefly.com\/de\/wp-json\/wp\/v2\/types\/product"}],"replies":[{"embeddable":true,"href":"https:\/\/tilefly.com\/de\/wp-json\/wp\/v2\/comments?post=547520"}],"wp:featuredmedia":[{"embeddable":true,"href":"https:\/\/tilefly.com\/de\/wp-json\/wp\/v2\/media\/546770"}],"wp:attachment":[{"href":"https:\/\/tilefly.com\/de\/wp-json\/wp\/v2\/media?parent=547520"}],"wp:term":[{"taxonomy":"product_brand","embeddable":true,"href":"https:\/\/tilefly.com\/de\/wp-json\/wp\/v2\/product_brand?post=547520"},{"taxonomy":"product_cat","embeddable":true,"href":"https:\/\/tilefly.com\/de\/wp-json\/wp\/v2\/product_cat?post=547520"},{"taxonomy":"product_tag","embeddable":true,"href":"https:\/\/tilefly.com\/de\/wp-json\/wp\/v2\/product_tag?post=547520"}],"curies":[{"name":"wp","href":"https:\/\/api.w.org\/{rel}","templated":true}]}}