{"id":547513,"date":"2024-11-20T23:09:37","date_gmt":"2024-11-20T22:09:37","guid":{"rendered":"https:\/\/tilefly.com\/producto\/downtown-sand-115x232\/"},"modified":"2024-11-21T00:56:25","modified_gmt":"2024-11-20T23:56:25","slug":"downtown-sand-115x232","status":"publish","type":"product","link":"https:\/\/tilefly.com\/de\/produkt\/downtown-sand-115x232\/","title":{"rendered":"DOWNTOWN SAND 11,5X23,2"},"content":{"rendered":"<h2><strong>STADTZENTRUM SAND 11,5X23,2<\/strong><\/h2><p>Entdecken Sie die urbane Eleganz und Vielseitigkeit der Serie Downtown, eine Kollektion, die die Wahrnehmung von Zement neu definiert, indem sie ihn in moderne und einladende R\u00e4ume integriert. Diese kleinformatigen Feinsteinzeuge vereinen zeitgen\u00f6ssische \u00c4sthetik mit der Tradition des keramischen Craquel\u00e9 und bieten rutschfeste, matte Oberfl\u00e4chen, die Funktionalit\u00e4t und Design vereinen. Jeder Farbton, von warmem Beige bis zu leuchtendem Blau, vermittelt Raffinesse und ein Gef\u00fchl von Gro\u00dfz\u00fcgigkeit in jeder Umgebung.  <\/p><p>Das Modell <strong>Downtown Sand 11.5&#215;23.2<\/strong> ist ideal f\u00fcr alle, die einen beigefarbenen Bodenbelag suchen, der Nat\u00fcrlichkeit und Frische ausstrahlt, w\u00e4hrend die rutschfeste Ausf\u00fchrung CLASS 2 f\u00fcr Sicherheit in stark frequentierten Bereichen sorgt. Finden Sie dieses und andere herausragende Produkte in der Serie <a href=\"https:\/\/tilefly.com\/producto\/downtown\/\">Downtown<\/a>, einer Linie, die Modernit\u00e4t in jeden Winkel Ihres Hauses oder Ihres architektonischen Projekts bringt. <\/p><p>Mit Optionen in verschiedenen Gr\u00f6\u00dfen und Farben wie Dunkelgrau, Rosa oder Blau erm\u00f6glicht Ihnen die Downtown-Kollektion, Ihre R\u00e4ume mit Stil und Haltbarkeit zu gestalten. Trauen Sie sich, Ihre R\u00e4ume mit diesen von der Gro\u00dfstadt inspirierten St\u00fccken zu verwandeln, die das Beste an zeitgen\u00f6ssischem Design mit der au\u00dfergew\u00f6hnlichen Qualit\u00e4t von Feinsteinzeug kombinieren. <\/p>","protected":false},"excerpt":{"rendered":"<p>STADTZENTRUM SAND 11,5X23,2Entdecken Sie die urbane Eleganz und Vielseitigkeit der Serie Downtown, eine Kollektion, die die Wahrnehmung von Zement neu definiert, indem sie ihn in moderne und einladende R\u00e4ume integriert. Diese kleinformatigen Feinsteinzeuge vereinen zeitgen\u00f6ssische \u00c4sthetik mit der Tradition des keramischen Craquel\u00e9 und bieten rutschfeste, matte Oberfl\u00e4chen, die Funktionalit\u00e4t und Design vereinen. Jeder Farbton, von [&hellip;]<\/p>\n","protected":false},"featured_media":546731,"comment_status":"open","ping_status":"closed","template":"","meta":[],"product_brand":[],"product_cat":[457,458,456,459],"product_tag":[],"class_list":{"0":"post-547513","1":"product","2":"type-product","3":"status-publish","4":"has-post-thumbnail","6":"product_cat-badezimmer","7":"product_cat-kuchen","8":"product_cat-vohnzimmer","9":"product_cat-wandfliesen","11":"first","12":"instock","13":"shipping-taxable","14":"purchasable","15":"product-type-simple"},"_links":{"self":[{"href":"https:\/\/tilefly.com\/de\/wp-json\/wp\/v2\/product\/547513","targetHints":{"allow":["GET"]}}],"collection":[{"href":"https:\/\/tilefly.com\/de\/wp-json\/wp\/v2\/product"}],"about":[{"href":"https:\/\/tilefly.com\/de\/wp-json\/wp\/v2\/types\/product"}],"replies":[{"embeddable":true,"href":"https:\/\/tilefly.com\/de\/wp-json\/wp\/v2\/comments?post=547513"}],"wp:featuredmedia":[{"embeddable":true,"href":"https:\/\/tilefly.com\/de\/wp-json\/wp\/v2\/media\/546731"}],"wp:attachment":[{"href":"https:\/\/tilefly.com\/de\/wp-json\/wp\/v2\/media?parent=547513"}],"wp:term":[{"taxonomy":"product_brand","embeddable":true,"href":"https:\/\/tilefly.com\/de\/wp-json\/wp\/v2\/product_brand?post=547513"},{"taxonomy":"product_cat","embeddable":true,"href":"https:\/\/tilefly.com\/de\/wp-json\/wp\/v2\/product_cat?post=547513"},{"taxonomy":"product_tag","embeddable":true,"href":"https:\/\/tilefly.com\/de\/wp-json\/wp\/v2\/product_tag?post=547513"}],"curies":[{"name":"wp","href":"https:\/\/api.w.org\/{rel}","templated":true}]}}