{"id":547507,"date":"2024-11-15T16:26:46","date_gmt":"2024-11-20T23:56:17","guid":{"rendered":"https:\/\/tilefly.com\/producto\/zuhause\/"},"modified":"2025-02-19T01:34:34","modified_gmt":"2025-02-19T00:34:34","slug":"zuhause","status":"publish","type":"product","link":"https:\/\/tilefly.com\/de\/produkt\/zuhause\/","title":{"rendered":"ZUHAUSE"},"content":{"rendered":"<p>Zuhause ist eine Kollektion mit neutralen Grafiken, die ein sicherer Hit f\u00fcr alle Arten von Wohnungen und R\u00e4umen ist. Eine romantische und klassische Kollektion, die Liebhaber des reinen Designs, des Designs ohne Schn\u00f6rkel und Verzierungen, in ihren Bann zieht. Die Farbpalette besteht aus neutralen Farben und das halbgl\u00e4nzende Aussehen verleiht den St\u00fccken eine einzigartige Textur, subtil aber sichtbar. Zweifellos ist Zuhause eine sehr verlockende Option f\u00fcr alle, die eine elegante Kollektion suchen, die sie mit anderen, gewagteren Kollektionen kombinieren k\u00f6nnen.   <\/p>","protected":false},"excerpt":{"rendered":"<p>Zuhause ist eine Kollektion mit neutralen Grafiken, die ein sicherer Hit f\u00fcr alle Arten von Wohnungen und R\u00e4umen ist. Eine romantische und klassische Kollektion, die Liebhaber des reinen Designs, des Designs ohne Schn\u00f6rkel und Verzierungen, in ihren Bann zieht. Die Farbpalette besteht aus neutralen Farben und das halbgl\u00e4nzende Aussehen verleiht den St\u00fccken eine einzigartige Textur, [&hellip;]<\/p>\n","protected":false},"featured_media":546479,"comment_status":"closed","ping_status":"closed","template":"","meta":[],"product_brand":[],"product_cat":[457,460,458,456],"product_tag":[],"class_list":{"0":"post-547507","1":"product","2":"type-product","3":"status-publish","4":"has-post-thumbnail","6":"product_cat-badezimmer","7":"product_cat-bodenfliesen","8":"product_cat-kuchen","9":"product_cat-vohnzimmer","11":"first","12":"instock","13":"shipping-taxable","14":"product-type-grouped"},"_links":{"self":[{"href":"https:\/\/tilefly.com\/de\/wp-json\/wp\/v2\/product\/547507","targetHints":{"allow":["GET"]}}],"collection":[{"href":"https:\/\/tilefly.com\/de\/wp-json\/wp\/v2\/product"}],"about":[{"href":"https:\/\/tilefly.com\/de\/wp-json\/wp\/v2\/types\/product"}],"replies":[{"embeddable":true,"href":"https:\/\/tilefly.com\/de\/wp-json\/wp\/v2\/comments?post=547507"}],"wp:featuredmedia":[{"embeddable":true,"href":"https:\/\/tilefly.com\/de\/wp-json\/wp\/v2\/media\/546479"}],"wp:attachment":[{"href":"https:\/\/tilefly.com\/de\/wp-json\/wp\/v2\/media?parent=547507"}],"wp:term":[{"taxonomy":"product_brand","embeddable":true,"href":"https:\/\/tilefly.com\/de\/wp-json\/wp\/v2\/product_brand?post=547507"},{"taxonomy":"product_cat","embeddable":true,"href":"https:\/\/tilefly.com\/de\/wp-json\/wp\/v2\/product_cat?post=547507"},{"taxonomy":"product_tag","embeddable":true,"href":"https:\/\/tilefly.com\/de\/wp-json\/wp\/v2\/product_tag?post=547507"}],"curies":[{"name":"wp","href":"https:\/\/api.w.org\/{rel}","templated":true}]}}