{"id":547504,"date":"2024-11-15T16:17:11","date_gmt":"2024-11-20T23:56:13","guid":{"rendered":"https:\/\/tilefly.com\/producto\/volterra\/"},"modified":"2024-11-21T00:56:13","modified_gmt":"2024-11-20T23:56:13","slug":"volterra","status":"publish","type":"product","link":"https:\/\/tilefly.com\/de\/produkt\/volterra\/","title":{"rendered":"VOLTERRA"},"content":{"rendered":"<p>Volterra White ist von wei\u00dfem Arabescato-Marmor inspiriert, einem Naturstein von erlesener Sch\u00f6nheit, der sanfte Wei\u00dft\u00f6ne und subtile Graut\u00f6ne kombiniert. Dieser Stein stammt aus der n\u00f6rdlichen Toskana, in der N\u00e4he der historischen Stadt Carrara in Italien, und ist ber\u00fchmt f\u00fcr seine lange Tradition des Marmorabbaus. Unsere Kollektion f\u00e4ngt diese einzigartige Kombination aus Wei\u00df- und Graut\u00f6nen ein, die in einem wirbelnden Muster ineinander verschlungen sind. Das macht ihn zur perfekten Wahl f\u00fcr die Inneneinrichtung und architektonische Projekte.  <\/p>","protected":false},"excerpt":{"rendered":"<p>Volterra White ist von wei\u00dfem Arabescato-Marmor inspiriert, einem Naturstein von erlesener Sch\u00f6nheit, der sanfte Wei\u00dft\u00f6ne und subtile Graut\u00f6ne kombiniert. Dieser Stein stammt aus der n\u00f6rdlichen Toskana, in der N\u00e4he der historischen Stadt Carrara in Italien, und ist ber\u00fchmt f\u00fcr seine lange Tradition des Marmorabbaus. Unsere Kollektion f\u00e4ngt diese einzigartige Kombination aus Wei\u00df- und Graut\u00f6nen ein, [&hellip;]<\/p>\n","protected":false},"featured_media":546100,"comment_status":"closed","ping_status":"closed","template":"","meta":[],"product_brand":[],"product_cat":[457,460,456],"product_tag":[],"class_list":{"0":"post-547504","1":"product","2":"type-product","3":"status-publish","4":"has-post-thumbnail","6":"product_cat-badezimmer","7":"product_cat-bodenfliesen","8":"product_cat-vohnzimmer","10":"first","11":"instock","12":"shipping-taxable","13":"product-type-grouped"},"_links":{"self":[{"href":"https:\/\/tilefly.com\/de\/wp-json\/wp\/v2\/product\/547504","targetHints":{"allow":["GET"]}}],"collection":[{"href":"https:\/\/tilefly.com\/de\/wp-json\/wp\/v2\/product"}],"about":[{"href":"https:\/\/tilefly.com\/de\/wp-json\/wp\/v2\/types\/product"}],"replies":[{"embeddable":true,"href":"https:\/\/tilefly.com\/de\/wp-json\/wp\/v2\/comments?post=547504"}],"wp:featuredmedia":[{"embeddable":true,"href":"https:\/\/tilefly.com\/de\/wp-json\/wp\/v2\/media\/546100"}],"wp:attachment":[{"href":"https:\/\/tilefly.com\/de\/wp-json\/wp\/v2\/media?parent=547504"}],"wp:term":[{"taxonomy":"product_brand","embeddable":true,"href":"https:\/\/tilefly.com\/de\/wp-json\/wp\/v2\/product_brand?post=547504"},{"taxonomy":"product_cat","embeddable":true,"href":"https:\/\/tilefly.com\/de\/wp-json\/wp\/v2\/product_cat?post=547504"},{"taxonomy":"product_tag","embeddable":true,"href":"https:\/\/tilefly.com\/de\/wp-json\/wp\/v2\/product_tag?post=547504"}],"curies":[{"name":"wp","href":"https:\/\/api.w.org\/{rel}","templated":true}]}}