{"id":547501,"date":"2024-11-15T16:20:47","date_gmt":"2024-11-20T23:56:11","guid":{"rendered":"https:\/\/tilefly.com\/producto\/yoho\/"},"modified":"2024-11-21T00:56:11","modified_gmt":"2024-11-20T23:56:11","slug":"yoho","status":"publish","type":"product","link":"https:\/\/tilefly.com\/de\/produkt\/yoho\/","title":{"rendered":"YOHO"},"content":{"rendered":"<p>Ein Spaziergang durch den Yoho-Nationalpark in Kanada ist pure Inspiration: Seine Landschaften, Berge und unglaublichen Seen sind in dieser Kollektion abgebildet und repr\u00e4sentieren die Tugenden der Eiche, ihre Widerstandsf\u00e4higkeit und ihr unersch\u00fctterliches Wesen. Um eine chromatische Palette von Holzt\u00f6nen zu erzielen, wurden sechs farbige Druckfarben verwendet. Die Schnitztechnik erzeugt unter der Glasur einen Reliefeffekt, der selbst die anspruchsvollsten Profis \u00fcberzeugt.  <\/p>","protected":false},"excerpt":{"rendered":"<p>Ein Spaziergang durch den Yoho-Nationalpark in Kanada ist pure Inspiration: Seine Landschaften, Berge und unglaublichen Seen sind in dieser Kollektion abgebildet und repr\u00e4sentieren die Tugenden der Eiche, ihre Widerstandsf\u00e4higkeit und ihr unersch\u00fctterliches Wesen. Um eine chromatische Palette von Holzt\u00f6nen zu erzielen, wurden sechs farbige Druckfarben verwendet. Die Schnitztechnik erzeugt unter der Glasur einen Reliefeffekt, der [&hellip;]<\/p>\n","protected":false},"featured_media":546329,"comment_status":"closed","ping_status":"closed","template":"","meta":[],"product_brand":[],"product_cat":[457,460,458,456],"product_tag":[],"class_list":{"0":"post-547501","1":"product","2":"type-product","3":"status-publish","4":"has-post-thumbnail","6":"product_cat-badezimmer","7":"product_cat-bodenfliesen","8":"product_cat-kuchen","9":"product_cat-vohnzimmer","11":"first","12":"instock","13":"shipping-taxable","14":"product-type-grouped"},"_links":{"self":[{"href":"https:\/\/tilefly.com\/de\/wp-json\/wp\/v2\/product\/547501","targetHints":{"allow":["GET"]}}],"collection":[{"href":"https:\/\/tilefly.com\/de\/wp-json\/wp\/v2\/product"}],"about":[{"href":"https:\/\/tilefly.com\/de\/wp-json\/wp\/v2\/types\/product"}],"replies":[{"embeddable":true,"href":"https:\/\/tilefly.com\/de\/wp-json\/wp\/v2\/comments?post=547501"}],"wp:featuredmedia":[{"embeddable":true,"href":"https:\/\/tilefly.com\/de\/wp-json\/wp\/v2\/media\/546329"}],"wp:attachment":[{"href":"https:\/\/tilefly.com\/de\/wp-json\/wp\/v2\/media?parent=547501"}],"wp:term":[{"taxonomy":"product_brand","embeddable":true,"href":"https:\/\/tilefly.com\/de\/wp-json\/wp\/v2\/product_brand?post=547501"},{"taxonomy":"product_cat","embeddable":true,"href":"https:\/\/tilefly.com\/de\/wp-json\/wp\/v2\/product_cat?post=547501"},{"taxonomy":"product_tag","embeddable":true,"href":"https:\/\/tilefly.com\/de\/wp-json\/wp\/v2\/product_tag?post=547501"}],"curies":[{"name":"wp","href":"https:\/\/api.w.org\/{rel}","templated":true}]}}