{"id":547497,"date":"2024-11-20T23:13:34","date_gmt":"2024-11-20T22:13:34","guid":{"rendered":"https:\/\/tilefly.com\/producto\/gleam-coal-115x115\/"},"modified":"2024-11-21T00:55:30","modified_gmt":"2024-11-20T23:55:30","slug":"gleam-coal-115x115","status":"publish","type":"product","link":"https:\/\/tilefly.com\/de\/produkt\/gleam-coal-115x115\/","title":{"rendered":"GLEAM COAL 11,5X11,5"},"content":{"rendered":"<h2><strong>SCHIMMERNDE KOHLE 11,5X11,5<\/strong><\/h2><p><strong>Gleam Coal 11,5&#215;11,5<\/strong> hat einen eleganten dunkelgrauen Farbton, der jeder Umgebung Raffinesse verleiht. Dieses Feinsteinzeug mit einer matten Oberfl\u00e4che eignet sich perfekt f\u00fcr die Gestaltung moderner und raffinierter R\u00e4ume. <\/p><p>Als Teil der <a href=\"https:\/\/tilefly.com\/producto\/downtown\/\">Downtown-Serie<\/a> kombiniert dieses St\u00fcck die Frische von Beton mit einem vielseitigen und zeitlosen Design.<\/p><p>Machen Sie Ihre Projekte zu einem Spiegelbild von Stil und Qualit\u00e4t mit diesem Modell, das auf Langlebigkeit ausgelegt ist.<\/p>","protected":false},"excerpt":{"rendered":"<p>SCHIMMERNDE KOHLE 11,5X11,5Gleam Coal 11,5&#215;11,5 hat einen eleganten dunkelgrauen Farbton, der jeder Umgebung Raffinesse verleiht. Dieses Feinsteinzeug mit einer matten Oberfl\u00e4che eignet sich perfekt f\u00fcr die Gestaltung moderner und raffinierter R\u00e4ume. Als Teil der Downtown-Serie kombiniert dieses St\u00fcck die Frische von Beton mit einem vielseitigen und zeitlosen Design.Machen Sie Ihre Projekte zu einem Spiegelbild von [&hellip;]<\/p>\n","protected":false},"featured_media":547082,"comment_status":"open","ping_status":"closed","template":"","meta":[],"product_brand":[],"product_cat":[457,458,456,459],"product_tag":[],"class_list":{"0":"post-547497","1":"product","2":"type-product","3":"status-publish","4":"has-post-thumbnail","6":"product_cat-badezimmer","7":"product_cat-kuchen","8":"product_cat-vohnzimmer","9":"product_cat-wandfliesen","11":"first","12":"outofstock","13":"shipping-taxable","14":"purchasable","15":"product-type-simple"},"_links":{"self":[{"href":"https:\/\/tilefly.com\/de\/wp-json\/wp\/v2\/product\/547497","targetHints":{"allow":["GET"]}}],"collection":[{"href":"https:\/\/tilefly.com\/de\/wp-json\/wp\/v2\/product"}],"about":[{"href":"https:\/\/tilefly.com\/de\/wp-json\/wp\/v2\/types\/product"}],"replies":[{"embeddable":true,"href":"https:\/\/tilefly.com\/de\/wp-json\/wp\/v2\/comments?post=547497"}],"wp:featuredmedia":[{"embeddable":true,"href":"https:\/\/tilefly.com\/de\/wp-json\/wp\/v2\/media\/547082"}],"wp:attachment":[{"href":"https:\/\/tilefly.com\/de\/wp-json\/wp\/v2\/media?parent=547497"}],"wp:term":[{"taxonomy":"product_brand","embeddable":true,"href":"https:\/\/tilefly.com\/de\/wp-json\/wp\/v2\/product_brand?post=547497"},{"taxonomy":"product_cat","embeddable":true,"href":"https:\/\/tilefly.com\/de\/wp-json\/wp\/v2\/product_cat?post=547497"},{"taxonomy":"product_tag","embeddable":true,"href":"https:\/\/tilefly.com\/de\/wp-json\/wp\/v2\/product_tag?post=547497"}],"curies":[{"name":"wp","href":"https:\/\/api.w.org\/{rel}","templated":true}]}}