{"id":547491,"date":"2024-11-20T23:13:27","date_gmt":"2024-11-20T22:13:27","guid":{"rendered":"https:\/\/tilefly.com\/producto\/gleam-sand-115x115\/"},"modified":"2024-11-21T00:55:27","modified_gmt":"2024-11-20T23:55:27","slug":"gleam-sand-115x115","status":"publish","type":"product","link":"https:\/\/tilefly.com\/de\/produkt\/gleam-sand-115x115\/","title":{"rendered":"GLEAM SAND 11,5X11,5"},"content":{"rendered":"<h2><strong>SCHIMMERNDER SAND 11,5X11,5<\/strong><\/h2><p><strong>Gleam Sand 11,5&#215;11,5<\/strong> bietet einen sanften Beigeton, der W\u00e4rme und Eleganz vereint. Dieses Feinsteinzeug mit matter Oberfl\u00e4che ist ideal f\u00fcr Projekte, bei denen Vielseitigkeit und ein moderner Stil gefragt sind. <\/p><p>Sie ist Teil der <a href=\"https:\/\/tilefly.com\/producto\/downtown\/\">Downtown-Kollektion<\/a>, einer Linie, die die Verwendung von Zement in kleinen, funktionalen Formaten neu definiert.<\/p><p>Perfekt f\u00fcr Wohn- und Gesch\u00e4ftsr\u00e4ume, garantiert dieses Modell Langlebigkeit und Design bis ins Detail.<\/p>","protected":false},"excerpt":{"rendered":"<p>SCHIMMERNDER SAND 11,5X11,5Gleam Sand 11,5&#215;11,5 bietet einen sanften Beigeton, der W\u00e4rme und Eleganz vereint. Dieses Feinsteinzeug mit matter Oberfl\u00e4che ist ideal f\u00fcr Projekte, bei denen Vielseitigkeit und ein moderner Stil gefragt sind. Sie ist Teil der Downtown-Kollektion, einer Linie, die die Verwendung von Zement in kleinen, funktionalen Formaten neu definiert.Perfekt f\u00fcr Wohn- und Gesch\u00e4ftsr\u00e4ume, garantiert [&hellip;]<\/p>\n","protected":false},"featured_media":547056,"comment_status":"open","ping_status":"closed","template":"","meta":[],"product_brand":[],"product_cat":[457,458,456,459],"product_tag":[],"class_list":{"0":"post-547491","1":"product","2":"type-product","3":"status-publish","4":"has-post-thumbnail","6":"product_cat-badezimmer","7":"product_cat-kuchen","8":"product_cat-vohnzimmer","9":"product_cat-wandfliesen","11":"first","12":"instock","13":"shipping-taxable","14":"purchasable","15":"product-type-simple"},"_links":{"self":[{"href":"https:\/\/tilefly.com\/de\/wp-json\/wp\/v2\/product\/547491","targetHints":{"allow":["GET"]}}],"collection":[{"href":"https:\/\/tilefly.com\/de\/wp-json\/wp\/v2\/product"}],"about":[{"href":"https:\/\/tilefly.com\/de\/wp-json\/wp\/v2\/types\/product"}],"replies":[{"embeddable":true,"href":"https:\/\/tilefly.com\/de\/wp-json\/wp\/v2\/comments?post=547491"}],"wp:featuredmedia":[{"embeddable":true,"href":"https:\/\/tilefly.com\/de\/wp-json\/wp\/v2\/media\/547056"}],"wp:attachment":[{"href":"https:\/\/tilefly.com\/de\/wp-json\/wp\/v2\/media?parent=547491"}],"wp:term":[{"taxonomy":"product_brand","embeddable":true,"href":"https:\/\/tilefly.com\/de\/wp-json\/wp\/v2\/product_brand?post=547491"},{"taxonomy":"product_cat","embeddable":true,"href":"https:\/\/tilefly.com\/de\/wp-json\/wp\/v2\/product_cat?post=547491"},{"taxonomy":"product_tag","embeddable":true,"href":"https:\/\/tilefly.com\/de\/wp-json\/wp\/v2\/product_tag?post=547491"}],"curies":[{"name":"wp","href":"https:\/\/api.w.org\/{rel}","templated":true}]}}