{"id":547489,"date":"2024-11-20T23:13:13","date_gmt":"2024-11-20T22:13:13","guid":{"rendered":"https:\/\/tilefly.com\/producto\/downtown-grey-115x115\/"},"modified":"2024-11-21T00:55:25","modified_gmt":"2024-11-20T23:55:25","slug":"downtown-grey-115x115","status":"publish","type":"product","link":"https:\/\/tilefly.com\/de\/produkt\/downtown-grey-115x115\/","title":{"rendered":"DOWNTOWN GREY 11,5X11,5"},"content":{"rendered":"<h2><strong>INNENSTADT GRAU 11,5X11,5<\/strong><\/h2><p><strong>Downtown Grey 11,5&#215;11,5<\/strong> bietet einen vielseitigen und neutralen Grauton, der sich an verschiedene Einrichtungsstile anpassen l\u00e4sst. Diese Bodenfliese aus Porzellan mit einer matten, rutschfesten Oberfl\u00e4che CLASS 2 ist ideal f\u00fcr die Gestaltung moderner und funktionaler Umgebungen. <\/p><p>Er geh\u00f6rt zur <a href=\"https:\/\/tilefly.com\/producto\/downtown\/\">Downtown-Serie<\/a>, die die Essenz des Zements in zeitgen\u00f6ssische R\u00e4ume einbringt.<\/p><p>Mit seinem kompakten Format ist dieses Modell die perfekte Wahl f\u00fcr Projekte, die Langlebigkeit und Stil erfordern.<\/p>","protected":false},"excerpt":{"rendered":"<p>INNENSTADT GRAU 11,5X11,5Downtown Grey 11,5&#215;11,5 bietet einen vielseitigen und neutralen Grauton, der sich an verschiedene Einrichtungsstile anpassen l\u00e4sst. Diese Bodenfliese aus Porzellan mit einer matten, rutschfesten Oberfl\u00e4che CLASS 2 ist ideal f\u00fcr die Gestaltung moderner und funktionaler Umgebungen. Er geh\u00f6rt zur Downtown-Serie, die die Essenz des Zements in zeitgen\u00f6ssische R\u00e4ume einbringt.Mit seinem kompakten Format ist [&hellip;]<\/p>\n","protected":false},"featured_media":547004,"comment_status":"open","ping_status":"closed","template":"","meta":[],"product_brand":[],"product_cat":[457,458,456,459],"product_tag":[],"class_list":{"0":"post-547489","1":"product","2":"type-product","3":"status-publish","4":"has-post-thumbnail","6":"product_cat-badezimmer","7":"product_cat-kuchen","8":"product_cat-vohnzimmer","9":"product_cat-wandfliesen","11":"first","12":"instock","13":"shipping-taxable","14":"purchasable","15":"product-type-simple"},"_links":{"self":[{"href":"https:\/\/tilefly.com\/de\/wp-json\/wp\/v2\/product\/547489","targetHints":{"allow":["GET"]}}],"collection":[{"href":"https:\/\/tilefly.com\/de\/wp-json\/wp\/v2\/product"}],"about":[{"href":"https:\/\/tilefly.com\/de\/wp-json\/wp\/v2\/types\/product"}],"replies":[{"embeddable":true,"href":"https:\/\/tilefly.com\/de\/wp-json\/wp\/v2\/comments?post=547489"}],"wp:featuredmedia":[{"embeddable":true,"href":"https:\/\/tilefly.com\/de\/wp-json\/wp\/v2\/media\/547004"}],"wp:attachment":[{"href":"https:\/\/tilefly.com\/de\/wp-json\/wp\/v2\/media?parent=547489"}],"wp:term":[{"taxonomy":"product_brand","embeddable":true,"href":"https:\/\/tilefly.com\/de\/wp-json\/wp\/v2\/product_brand?post=547489"},{"taxonomy":"product_cat","embeddable":true,"href":"https:\/\/tilefly.com\/de\/wp-json\/wp\/v2\/product_cat?post=547489"},{"taxonomy":"product_tag","embeddable":true,"href":"https:\/\/tilefly.com\/de\/wp-json\/wp\/v2\/product_tag?post=547489"}],"curies":[{"name":"wp","href":"https:\/\/api.w.org\/{rel}","templated":true}]}}