{"id":545627,"date":"2024-11-14T20:19:05","date_gmt":"2024-11-14T19:19:05","guid":{"rendered":"https:\/\/tilefly.com\/producto\/reef-ocher-rect-60x60\/"},"modified":"2024-11-14T20:31:08","modified_gmt":"2024-11-14T19:31:08","slug":"reef-ocher-rect-60x60","status":"publish","type":"product","link":"https:\/\/tilefly.com\/de\/produkt\/reef-ocher-rect-60x60\/","title":{"rendered":"REEF OCHER RECT 60X60"},"content":{"rendered":"<h2><strong>RIFF OCKER REKT 60X60<\/strong><\/h2><p>Die <em>Reef Ocher Rect 60X60<\/em> in Braun kombiniert eine matte Oberfl\u00e4che mit rutschfesten Eigenschaften, ideal f\u00fcr die Gestaltung sicherer und einladender R\u00e4ume. Inspiriert von warmen Erdt\u00f6nen, bringt dieses Feinsteinzeug mit Metalleffekt einen rustikalen und eleganten Stil in jede Umgebung. <\/p><p>Entdecken Sie weitere Optionen der <a href=\"https:\/\/tilefly.com\/producto\/reef\/\">Reef Serie<\/a> und bringen Sie die W\u00e4rme der Natur auf Ihre B\u00f6den.<\/p>","protected":false},"excerpt":{"rendered":"<p>RIFF OCKER REKT 60X60Die Reef Ocher Rect 60X60 in Braun kombiniert eine matte Oberfl\u00e4che mit rutschfesten Eigenschaften, ideal f\u00fcr die Gestaltung sicherer und einladender R\u00e4ume. Inspiriert von warmen Erdt\u00f6nen, bringt dieses Feinsteinzeug mit Metalleffekt einen rustikalen und eleganten Stil in jede Umgebung. Entdecken Sie weitere Optionen der Reef Serie und bringen Sie die W\u00e4rme der [&hellip;]<\/p>\n","protected":false},"featured_media":545261,"comment_status":"open","ping_status":"closed","template":"","meta":[],"product_brand":[],"product_cat":[457,458,456,459],"product_tag":[],"class_list":{"0":"post-545627","1":"product","2":"type-product","3":"status-publish","4":"has-post-thumbnail","6":"product_cat-badezimmer","7":"product_cat-kuchen","8":"product_cat-vohnzimmer","9":"product_cat-wandfliesen","11":"first","12":"instock","13":"shipping-taxable","14":"purchasable","15":"product-type-simple"},"_links":{"self":[{"href":"https:\/\/tilefly.com\/de\/wp-json\/wp\/v2\/product\/545627","targetHints":{"allow":["GET"]}}],"collection":[{"href":"https:\/\/tilefly.com\/de\/wp-json\/wp\/v2\/product"}],"about":[{"href":"https:\/\/tilefly.com\/de\/wp-json\/wp\/v2\/types\/product"}],"replies":[{"embeddable":true,"href":"https:\/\/tilefly.com\/de\/wp-json\/wp\/v2\/comments?post=545627"}],"wp:featuredmedia":[{"embeddable":true,"href":"https:\/\/tilefly.com\/de\/wp-json\/wp\/v2\/media\/545261"}],"wp:attachment":[{"href":"https:\/\/tilefly.com\/de\/wp-json\/wp\/v2\/media?parent=545627"}],"wp:term":[{"taxonomy":"product_brand","embeddable":true,"href":"https:\/\/tilefly.com\/de\/wp-json\/wp\/v2\/product_brand?post=545627"},{"taxonomy":"product_cat","embeddable":true,"href":"https:\/\/tilefly.com\/de\/wp-json\/wp\/v2\/product_cat?post=545627"},{"taxonomy":"product_tag","embeddable":true,"href":"https:\/\/tilefly.com\/de\/wp-json\/wp\/v2\/product_tag?post=545627"}],"curies":[{"name":"wp","href":"https:\/\/api.w.org\/{rel}","templated":true}]}}