{"id":545621,"date":"2024-11-14T20:18:44","date_gmt":"2024-11-14T19:18:44","guid":{"rendered":"https:\/\/tilefly.com\/producto\/reef-corten-honed-rect-120x120\/"},"modified":"2024-11-14T20:30:50","modified_gmt":"2024-11-14T19:30:50","slug":"reef-corten-honed-rect-120x120","status":"publish","type":"product","link":"https:\/\/tilefly.com\/de\/produkt\/reef-corten-honed-rect-120x120\/","title":{"rendered":"REEF CORTEN HONED RECT 120X120"},"content":{"rendered":"<h2><strong>REEF CORTEN GESCHLIFFEN REKT 120X120<\/strong><\/h2><p>Die <em>Reef Corten Honed Rect 120X120<\/em> ist eine braune Feinsteinzeug-Fliese mit Lapado-Finish und einem dezenten Metalleffekt. Dieses gro\u00dfformatige St\u00fcck verleiht R\u00e4umen W\u00e4rme und einen industriellen Touch, ideal f\u00fcr alle, die ein modernes Design mit Charakter suchen. <\/p><p>Entdecken Sie die <a href=\"https:\/\/tilefly.com\/producto\/reef\/\">Reef-Serie<\/a> und verwandeln Sie Ihre B\u00f6den mit einer von Land und Meer inspirierten \u00c4sthetik.<\/p>","protected":false},"excerpt":{"rendered":"<p>REEF CORTEN GESCHLIFFEN REKT 120X120Die Reef Corten Honed Rect 120X120 ist eine braune Feinsteinzeug-Fliese mit Lapado-Finish und einem dezenten Metalleffekt. Dieses gro\u00dfformatige St\u00fcck verleiht R\u00e4umen W\u00e4rme und einen industriellen Touch, ideal f\u00fcr alle, die ein modernes Design mit Charakter suchen. Entdecken Sie die Reef-Serie und verwandeln Sie Ihre B\u00f6den mit einer von Land und Meer [&hellip;]<\/p>\n","protected":false},"featured_media":545210,"comment_status":"open","ping_status":"closed","template":"","meta":[],"product_brand":[],"product_cat":[457,458,456,459],"product_tag":[],"class_list":{"0":"post-545621","1":"product","2":"type-product","3":"status-publish","4":"has-post-thumbnail","6":"product_cat-badezimmer","7":"product_cat-kuchen","8":"product_cat-vohnzimmer","9":"product_cat-wandfliesen","11":"first","12":"outofstock","13":"shipping-taxable","14":"purchasable","15":"product-type-simple"},"_links":{"self":[{"href":"https:\/\/tilefly.com\/de\/wp-json\/wp\/v2\/product\/545621","targetHints":{"allow":["GET"]}}],"collection":[{"href":"https:\/\/tilefly.com\/de\/wp-json\/wp\/v2\/product"}],"about":[{"href":"https:\/\/tilefly.com\/de\/wp-json\/wp\/v2\/types\/product"}],"replies":[{"embeddable":true,"href":"https:\/\/tilefly.com\/de\/wp-json\/wp\/v2\/comments?post=545621"}],"wp:featuredmedia":[{"embeddable":true,"href":"https:\/\/tilefly.com\/de\/wp-json\/wp\/v2\/media\/545210"}],"wp:attachment":[{"href":"https:\/\/tilefly.com\/de\/wp-json\/wp\/v2\/media?parent=545621"}],"wp:term":[{"taxonomy":"product_brand","embeddable":true,"href":"https:\/\/tilefly.com\/de\/wp-json\/wp\/v2\/product_brand?post=545621"},{"taxonomy":"product_cat","embeddable":true,"href":"https:\/\/tilefly.com\/de\/wp-json\/wp\/v2\/product_cat?post=545621"},{"taxonomy":"product_tag","embeddable":true,"href":"https:\/\/tilefly.com\/de\/wp-json\/wp\/v2\/product_tag?post=545621"}],"curies":[{"name":"wp","href":"https:\/\/api.w.org\/{rel}","templated":true}]}}