{"id":545616,"date":"2024-11-14T20:18:08","date_gmt":"2024-11-14T19:18:08","guid":{"rendered":"https:\/\/tilefly.com\/producto\/reef-ocher-rect-60x120\/"},"modified":"2024-11-14T20:30:48","modified_gmt":"2024-11-14T19:30:48","slug":"reef-ocher-rect-60x120","status":"publish","type":"product","link":"https:\/\/tilefly.com\/de\/produkt\/reef-ocher-rect-60x120\/","title":{"rendered":"REEF OCHER RECT 60X120"},"content":{"rendered":"<h2><strong>RIFF OCKER REKT 60X120<\/strong><\/h2><p><em>Reef Ocher Rect 60X120<\/em> in Braun ist eine Feinsteinzeug-Fliese, die W\u00e4rme und einen rustikalen Stil in jede Umgebung bringt. Mit ihrer matten Oberfl\u00e4che und den rutschhemmenden Eigenschaften verbindet sie Funktionalit\u00e4t und nat\u00fcrliches Design und ist ideal f\u00fcr stark frequentierte Bereiche. <\/p><p>Es ist Teil der <a href=\"https:\/\/tilefly.com\/producto\/reef\/\">Reef-Serie<\/a>, einer Kollektion, die von den Farben der Erde und des Ozeans inspiriert ist und eine nat\u00fcrliche und raffinierte \u00c4sthetik bietet.<\/p>","protected":false},"excerpt":{"rendered":"<p>RIFF OCKER REKT 60X120Reef Ocher Rect 60X120 in Braun ist eine Feinsteinzeug-Fliese, die W\u00e4rme und einen rustikalen Stil in jede Umgebung bringt. Mit ihrer matten Oberfl\u00e4che und den rutschhemmenden Eigenschaften verbindet sie Funktionalit\u00e4t und nat\u00fcrliches Design und ist ideal f\u00fcr stark frequentierte Bereiche. Es ist Teil der Reef-Serie, einer Kollektion, die von den Farben der [&hellip;]<\/p>\n","protected":false},"featured_media":545158,"comment_status":"open","ping_status":"closed","template":"","meta":[],"product_brand":[],"product_cat":[457,458,456,459],"product_tag":[],"class_list":{"0":"post-545616","1":"product","2":"type-product","3":"status-publish","4":"has-post-thumbnail","6":"product_cat-badezimmer","7":"product_cat-kuchen","8":"product_cat-vohnzimmer","9":"product_cat-wandfliesen","11":"first","12":"instock","13":"shipping-taxable","14":"purchasable","15":"product-type-simple"},"_links":{"self":[{"href":"https:\/\/tilefly.com\/de\/wp-json\/wp\/v2\/product\/545616","targetHints":{"allow":["GET"]}}],"collection":[{"href":"https:\/\/tilefly.com\/de\/wp-json\/wp\/v2\/product"}],"about":[{"href":"https:\/\/tilefly.com\/de\/wp-json\/wp\/v2\/types\/product"}],"replies":[{"embeddable":true,"href":"https:\/\/tilefly.com\/de\/wp-json\/wp\/v2\/comments?post=545616"}],"wp:featuredmedia":[{"embeddable":true,"href":"https:\/\/tilefly.com\/de\/wp-json\/wp\/v2\/media\/545158"}],"wp:attachment":[{"href":"https:\/\/tilefly.com\/de\/wp-json\/wp\/v2\/media?parent=545616"}],"wp:term":[{"taxonomy":"product_brand","embeddable":true,"href":"https:\/\/tilefly.com\/de\/wp-json\/wp\/v2\/product_brand?post=545616"},{"taxonomy":"product_cat","embeddable":true,"href":"https:\/\/tilefly.com\/de\/wp-json\/wp\/v2\/product_cat?post=545616"},{"taxonomy":"product_tag","embeddable":true,"href":"https:\/\/tilefly.com\/de\/wp-json\/wp\/v2\/product_tag?post=545616"}],"curies":[{"name":"wp","href":"https:\/\/api.w.org\/{rel}","templated":true}]}}