{"id":545615,"date":"2024-11-14T20:18:38","date_gmt":"2024-11-14T19:18:38","guid":{"rendered":"https:\/\/tilefly.com\/producto\/reef-aquamarine-honed-rect-120x120\/"},"modified":"2024-11-14T20:30:47","modified_gmt":"2024-11-14T19:30:47","slug":"reef-aquamarine-honed-rect-120x120","status":"publish","type":"product","link":"https:\/\/tilefly.com\/de\/produkt\/reef-aquamarine-honed-rect-120x120\/","title":{"rendered":"REEF AQUAMARINE HONED RECT 120X120"},"content":{"rendered":"<h2><strong>RIFF AQUAMARIN GESCHLIFFEN RECT 120X120<\/strong><\/h2><p>Das <em>Reef Aquamarine Honed Rect 120X120<\/em> in Aquat\u00f6nen ist ein gro\u00dfformatiges St\u00fcck mit Lapado-Finish, das durch seine Frische und Raffinesse besticht. Mit einem metallischen Effekt, der an die Reflexionen des Ozeans erinnert, verwandelt dieses Feinsteinzeug jede Umgebung in einen Raum voller Vitalit\u00e4t und Eleganz. <\/p><p>Es ist Teil der <a href=\"https:\/\/tilefly.com\/producto\/reef\/\">Reef Serie<\/a>, einer Kollektion, die von intensiven Farben und handgefertigten Reliefs inspiriert ist, die die Essenz von Meereslandschaften einfangen.<\/p>","protected":false},"excerpt":{"rendered":"<p>RIFF AQUAMARIN GESCHLIFFEN RECT 120X120Das Reef Aquamarine Honed Rect 120X120 in Aquat\u00f6nen ist ein gro\u00dfformatiges St\u00fcck mit Lapado-Finish, das durch seine Frische und Raffinesse besticht. Mit einem metallischen Effekt, der an die Reflexionen des Ozeans erinnert, verwandelt dieses Feinsteinzeug jede Umgebung in einen Raum voller Vitalit\u00e4t und Eleganz. Es ist Teil der Reef Serie, einer [&hellip;]<\/p>\n","protected":false},"featured_media":545197,"comment_status":"open","ping_status":"closed","template":"","meta":[],"product_brand":[],"product_cat":[457,458,456,459],"product_tag":[],"class_list":{"0":"post-545615","1":"product","2":"type-product","3":"status-publish","4":"has-post-thumbnail","6":"product_cat-badezimmer","7":"product_cat-kuchen","8":"product_cat-vohnzimmer","9":"product_cat-wandfliesen","11":"first","12":"instock","13":"shipping-taxable","14":"purchasable","15":"product-type-simple"},"_links":{"self":[{"href":"https:\/\/tilefly.com\/de\/wp-json\/wp\/v2\/product\/545615","targetHints":{"allow":["GET"]}}],"collection":[{"href":"https:\/\/tilefly.com\/de\/wp-json\/wp\/v2\/product"}],"about":[{"href":"https:\/\/tilefly.com\/de\/wp-json\/wp\/v2\/types\/product"}],"replies":[{"embeddable":true,"href":"https:\/\/tilefly.com\/de\/wp-json\/wp\/v2\/comments?post=545615"}],"wp:featuredmedia":[{"embeddable":true,"href":"https:\/\/tilefly.com\/de\/wp-json\/wp\/v2\/media\/545197"}],"wp:attachment":[{"href":"https:\/\/tilefly.com\/de\/wp-json\/wp\/v2\/media?parent=545615"}],"wp:term":[{"taxonomy":"product_brand","embeddable":true,"href":"https:\/\/tilefly.com\/de\/wp-json\/wp\/v2\/product_brand?post=545615"},{"taxonomy":"product_cat","embeddable":true,"href":"https:\/\/tilefly.com\/de\/wp-json\/wp\/v2\/product_cat?post=545615"},{"taxonomy":"product_tag","embeddable":true,"href":"https:\/\/tilefly.com\/de\/wp-json\/wp\/v2\/product_tag?post=545615"}],"curies":[{"name":"wp","href":"https:\/\/api.w.org\/{rel}","templated":true}]}}