{"id":545612,"date":"2024-11-14T20:18:15","date_gmt":"2024-11-14T19:18:15","guid":{"rendered":"https:\/\/tilefly.com\/producto\/reef-corten-rect-60x120\/"},"modified":"2024-11-14T20:30:46","modified_gmt":"2024-11-14T19:30:46","slug":"reef-corten-rect-60x120","status":"publish","type":"product","link":"https:\/\/tilefly.com\/de\/produkt\/reef-corten-rect-60x120\/","title":{"rendered":"REEF CORTEN RECT 60X120"},"content":{"rendered":"<h2><strong>REEF CORTEN RECT 60X120<\/strong><\/h2><p><em>Reef Corten Rect 60X120<\/em> in Braun kombiniert eine matte Oberfl\u00e4che mit rutschfesten Eigenschaften, perfekt f\u00fcr R\u00e4ume, die Sicherheit und Stil erfordern. Inspiriert von Rost und Erdt\u00f6nen, verleiht der Metalleffekt jedem Raum einen modernen und rustikalen Touch. <\/p><p>Entdecken Sie mehr in der <a href=\"https:\/\/tilefly.com\/producto\/reef\/\">Reef-Serie<\/a> und bringen Sie die W\u00e4rme von Naturt\u00f6nen auf Ihre B\u00f6den.<\/p>","protected":false},"excerpt":{"rendered":"<p>REEF CORTEN RECT 60X120Reef Corten Rect 60X120 in Braun kombiniert eine matte Oberfl\u00e4che mit rutschfesten Eigenschaften, perfekt f\u00fcr R\u00e4ume, die Sicherheit und Stil erfordern. Inspiriert von Rost und Erdt\u00f6nen, verleiht der Metalleffekt jedem Raum einen modernen und rustikalen Touch. Entdecken Sie mehr in der Reef-Serie und bringen Sie die W\u00e4rme von Naturt\u00f6nen auf Ihre B\u00f6den.<\/p>\n","protected":false},"featured_media":545171,"comment_status":"open","ping_status":"closed","template":"","meta":[],"product_brand":[],"product_cat":[457,458,456,459],"product_tag":[],"class_list":{"0":"post-545612","1":"product","2":"type-product","3":"status-publish","4":"has-post-thumbnail","6":"product_cat-badezimmer","7":"product_cat-kuchen","8":"product_cat-vohnzimmer","9":"product_cat-wandfliesen","11":"first","12":"instock","13":"shipping-taxable","14":"purchasable","15":"product-type-simple"},"_links":{"self":[{"href":"https:\/\/tilefly.com\/de\/wp-json\/wp\/v2\/product\/545612","targetHints":{"allow":["GET"]}}],"collection":[{"href":"https:\/\/tilefly.com\/de\/wp-json\/wp\/v2\/product"}],"about":[{"href":"https:\/\/tilefly.com\/de\/wp-json\/wp\/v2\/types\/product"}],"replies":[{"embeddable":true,"href":"https:\/\/tilefly.com\/de\/wp-json\/wp\/v2\/comments?post=545612"}],"wp:featuredmedia":[{"embeddable":true,"href":"https:\/\/tilefly.com\/de\/wp-json\/wp\/v2\/media\/545171"}],"wp:attachment":[{"href":"https:\/\/tilefly.com\/de\/wp-json\/wp\/v2\/media?parent=545612"}],"wp:term":[{"taxonomy":"product_brand","embeddable":true,"href":"https:\/\/tilefly.com\/de\/wp-json\/wp\/v2\/product_brand?post=545612"},{"taxonomy":"product_cat","embeddable":true,"href":"https:\/\/tilefly.com\/de\/wp-json\/wp\/v2\/product_cat?post=545612"},{"taxonomy":"product_tag","embeddable":true,"href":"https:\/\/tilefly.com\/de\/wp-json\/wp\/v2\/product_tag?post=545612"}],"curies":[{"name":"wp","href":"https:\/\/api.w.org\/{rel}","templated":true}]}}