{"id":545609,"date":"2024-11-14T20:17:44","date_gmt":"2024-11-14T19:17:44","guid":{"rendered":"https:\/\/tilefly.com\/producto\/reef-corten-honed-rect-60x120\/"},"modified":"2024-11-14T20:30:42","modified_gmt":"2024-11-14T19:30:42","slug":"reef-corten-honed-rect-60x120","status":"publish","type":"product","link":"https:\/\/tilefly.com\/de\/produkt\/reef-corten-honed-rect-60x120\/","title":{"rendered":"REEF CORTEN HONED RECT 60X120"},"content":{"rendered":"<h2><strong>REEF CORTEN GESCHLIFFEN RECT 60X120<\/strong><\/h2><p><em>Reef Corten Honed Rect 60X120<\/em> ist eine Feinsteinzeugfliese mit einem atemberaubenden Metalleffekt in einem Braunton, der durch die Lapado-Oberfl\u00e4che hervorgehoben wird. Dieses St\u00fcck f\u00e4ngt die Essenz von Rost und Erde ein und bringt eine anspruchsvolle und rustikale \u00c4sthetik in jede Umgebung. <\/p><p>Als Teil der <a href=\"https:\/\/tilefly.com\/producto\/reef\/\">Reef-Serie<\/a> ist dieses Design ideal f\u00fcr alle, die sich von nat\u00fcrlichen Landschaften inspirieren lassen und eine handgefertigte Oberfl\u00e4che w\u00fcnschen, die R\u00e4umen Tiefe und Charakter verleiht.<\/p>","protected":false},"excerpt":{"rendered":"<p>REEF CORTEN GESCHLIFFEN RECT 60X120Reef Corten Honed Rect 60X120 ist eine Feinsteinzeugfliese mit einem atemberaubenden Metalleffekt in einem Braunton, der durch die Lapado-Oberfl\u00e4che hervorgehoben wird. Dieses St\u00fcck f\u00e4ngt die Essenz von Rost und Erde ein und bringt eine anspruchsvolle und rustikale \u00c4sthetik in jede Umgebung. Als Teil der Reef-Serie ist dieses Design ideal f\u00fcr alle, [&hellip;]<\/p>\n","protected":false},"featured_media":545119,"comment_status":"open","ping_status":"closed","template":"","meta":[],"product_brand":[],"product_cat":[457,458,456,459],"product_tag":[],"class_list":{"0":"post-545609","1":"product","2":"type-product","3":"status-publish","4":"has-post-thumbnail","6":"product_cat-badezimmer","7":"product_cat-kuchen","8":"product_cat-vohnzimmer","9":"product_cat-wandfliesen","11":"first","12":"instock","13":"shipping-taxable","14":"purchasable","15":"product-type-simple"},"_links":{"self":[{"href":"https:\/\/tilefly.com\/de\/wp-json\/wp\/v2\/product\/545609","targetHints":{"allow":["GET"]}}],"collection":[{"href":"https:\/\/tilefly.com\/de\/wp-json\/wp\/v2\/product"}],"about":[{"href":"https:\/\/tilefly.com\/de\/wp-json\/wp\/v2\/types\/product"}],"replies":[{"embeddable":true,"href":"https:\/\/tilefly.com\/de\/wp-json\/wp\/v2\/comments?post=545609"}],"wp:featuredmedia":[{"embeddable":true,"href":"https:\/\/tilefly.com\/de\/wp-json\/wp\/v2\/media\/545119"}],"wp:attachment":[{"href":"https:\/\/tilefly.com\/de\/wp-json\/wp\/v2\/media?parent=545609"}],"wp:term":[{"taxonomy":"product_brand","embeddable":true,"href":"https:\/\/tilefly.com\/de\/wp-json\/wp\/v2\/product_brand?post=545609"},{"taxonomy":"product_cat","embeddable":true,"href":"https:\/\/tilefly.com\/de\/wp-json\/wp\/v2\/product_cat?post=545609"},{"taxonomy":"product_tag","embeddable":true,"href":"https:\/\/tilefly.com\/de\/wp-json\/wp\/v2\/product_tag?post=545609"}],"curies":[{"name":"wp","href":"https:\/\/api.w.org\/{rel}","templated":true}]}}