{"id":545605,"date":"2024-11-14T20:17:39","date_gmt":"2024-11-14T19:17:39","guid":{"rendered":"https:\/\/tilefly.com\/producto\/reef-ocher-honed-rect-60x120\/"},"modified":"2024-11-14T20:30:40","modified_gmt":"2024-11-14T19:30:40","slug":"reef-ocher-honed-rect-60x120","status":"publish","type":"product","link":"https:\/\/tilefly.com\/de\/produkt\/reef-ocher-honed-rect-60x120\/","title":{"rendered":"REEF OCHER HONED RECT 60X120"},"content":{"rendered":"<h2><strong>RIFF OCKER GESCHLIFFEN RECT 60X120<\/strong><\/h2><p>Die Feinsteinzeugfliese <em>Reef Ocher Honed Rect 60X120<\/em> in einem Braunton ist eine Kombination aus Lapado-Finish und Metalleffekt, die dem Raum einen Hauch von Eleganz und W\u00e4rme verleiht. Inspiriert von den warmen Farben der Erde, verleiht dieses St\u00fcck eine moderne und einladende \u00c4sthetik. <\/p><p>Es ist Teil der <a href=\"https:\/\/tilefly.com\/producto\/reef\/\">Reef-Serie<\/a>, einer Kollektion, die intensive Farbt\u00f6ne und handgefertigte Texturen zelebriert und ideal f\u00fcr diejenigen ist, die einen einzigartigen und nat\u00fcrlichen Stil f\u00fcr ihre R\u00e4ume suchen.<\/p>","protected":false},"excerpt":{"rendered":"<p>RIFF OCKER GESCHLIFFEN RECT 60X120Die Feinsteinzeugfliese Reef Ocher Honed Rect 60X120 in einem Braunton ist eine Kombination aus Lapado-Finish und Metalleffekt, die dem Raum einen Hauch von Eleganz und W\u00e4rme verleiht. Inspiriert von den warmen Farben der Erde, verleiht dieses St\u00fcck eine moderne und einladende \u00c4sthetik. Es ist Teil der Reef-Serie, einer Kollektion, die intensive [&hellip;]<\/p>\n","protected":false},"featured_media":545106,"comment_status":"open","ping_status":"closed","template":"","meta":[],"product_brand":[],"product_cat":[457,458,456,459],"product_tag":[],"class_list":{"0":"post-545605","1":"product","2":"type-product","3":"status-publish","4":"has-post-thumbnail","6":"product_cat-badezimmer","7":"product_cat-kuchen","8":"product_cat-vohnzimmer","9":"product_cat-wandfliesen","11":"first","12":"instock","13":"shipping-taxable","14":"purchasable","15":"product-type-simple"},"_links":{"self":[{"href":"https:\/\/tilefly.com\/de\/wp-json\/wp\/v2\/product\/545605","targetHints":{"allow":["GET"]}}],"collection":[{"href":"https:\/\/tilefly.com\/de\/wp-json\/wp\/v2\/product"}],"about":[{"href":"https:\/\/tilefly.com\/de\/wp-json\/wp\/v2\/types\/product"}],"replies":[{"embeddable":true,"href":"https:\/\/tilefly.com\/de\/wp-json\/wp\/v2\/comments?post=545605"}],"wp:featuredmedia":[{"embeddable":true,"href":"https:\/\/tilefly.com\/de\/wp-json\/wp\/v2\/media\/545106"}],"wp:attachment":[{"href":"https:\/\/tilefly.com\/de\/wp-json\/wp\/v2\/media?parent=545605"}],"wp:term":[{"taxonomy":"product_brand","embeddable":true,"href":"https:\/\/tilefly.com\/de\/wp-json\/wp\/v2\/product_brand?post=545605"},{"taxonomy":"product_cat","embeddable":true,"href":"https:\/\/tilefly.com\/de\/wp-json\/wp\/v2\/product_cat?post=545605"},{"taxonomy":"product_tag","embeddable":true,"href":"https:\/\/tilefly.com\/de\/wp-json\/wp\/v2\/product_tag?post=545605"}],"curies":[{"name":"wp","href":"https:\/\/api.w.org\/{rel}","templated":true}]}}