{"id":545599,"date":"2024-11-14T20:17:35","date_gmt":"2024-11-14T19:17:35","guid":{"rendered":"https:\/\/tilefly.com\/producto\/reef-aquamarine-honed-rect-60x120\/"},"modified":"2024-11-14T20:30:30","modified_gmt":"2024-11-14T19:30:30","slug":"reef-aquamarine-honed-rect-60x120","status":"publish","type":"product","link":"https:\/\/tilefly.com\/de\/produkt\/reef-aquamarine-honed-rect-60x120\/","title":{"rendered":"REEF AQUAMARINE HONED RECT 60X120"},"content":{"rendered":"<h2><strong>RIFF AQUAMARIN GESCHLIFFEN RECT 60X120<\/strong><\/h2><p>Die Fliese <em>Reef Aquamarine Honed Rect 60X120<\/em> ist ein Feinsteinzeug, das mit seinem Aquaton f\u00fcr Frische und Stil sorgt. Mit einem Lapado-Finish und einem subtilen Metallic-Effekt erinnert dieses St\u00fcck an die intensiven Farben des Ozeans und schafft ein Ambiente voller Vitalit\u00e4t und Raffinesse. <\/p><p>Dieses von Meereslandschaften inspirierte Design ist Teil der <a href=\"https:\/\/tilefly.com\/producto\/reef\/\">Reef-Serie<\/a>, in der handgefertigte Oberfl\u00e4chen und sorgf\u00e4ltige Details zu einem einzigartigen Einrichtungserlebnis zusammenkommen.<\/p>","protected":false},"excerpt":{"rendered":"<p>RIFF AQUAMARIN GESCHLIFFEN RECT 60X120Die Fliese Reef Aquamarine Honed Rect 60X120 ist ein Feinsteinzeug, das mit seinem Aquaton f\u00fcr Frische und Stil sorgt. Mit einem Lapado-Finish und einem subtilen Metallic-Effekt erinnert dieses St\u00fcck an die intensiven Farben des Ozeans und schafft ein Ambiente voller Vitalit\u00e4t und Raffinesse. Dieses von Meereslandschaften inspirierte Design ist Teil der [&hellip;]<\/p>\n","protected":false},"featured_media":545093,"comment_status":"open","ping_status":"closed","template":"","meta":[],"product_brand":[],"product_cat":[457,458,456,459],"product_tag":[],"class_list":{"0":"post-545599","1":"product","2":"type-product","3":"status-publish","4":"has-post-thumbnail","6":"product_cat-badezimmer","7":"product_cat-kuchen","8":"product_cat-vohnzimmer","9":"product_cat-wandfliesen","11":"first","12":"instock","13":"shipping-taxable","14":"purchasable","15":"product-type-simple"},"_links":{"self":[{"href":"https:\/\/tilefly.com\/de\/wp-json\/wp\/v2\/product\/545599","targetHints":{"allow":["GET"]}}],"collection":[{"href":"https:\/\/tilefly.com\/de\/wp-json\/wp\/v2\/product"}],"about":[{"href":"https:\/\/tilefly.com\/de\/wp-json\/wp\/v2\/types\/product"}],"replies":[{"embeddable":true,"href":"https:\/\/tilefly.com\/de\/wp-json\/wp\/v2\/comments?post=545599"}],"wp:featuredmedia":[{"embeddable":true,"href":"https:\/\/tilefly.com\/de\/wp-json\/wp\/v2\/media\/545093"}],"wp:attachment":[{"href":"https:\/\/tilefly.com\/de\/wp-json\/wp\/v2\/media?parent=545599"}],"wp:term":[{"taxonomy":"product_brand","embeddable":true,"href":"https:\/\/tilefly.com\/de\/wp-json\/wp\/v2\/product_brand?post=545599"},{"taxonomy":"product_cat","embeddable":true,"href":"https:\/\/tilefly.com\/de\/wp-json\/wp\/v2\/product_cat?post=545599"},{"taxonomy":"product_tag","embeddable":true,"href":"https:\/\/tilefly.com\/de\/wp-json\/wp\/v2\/product_tag?post=545599"}],"curies":[{"name":"wp","href":"https:\/\/api.w.org\/{rel}","templated":true}]}}