{"id":545596,"date":"2024-11-14T20:24:10","date_gmt":"2024-11-14T19:30:28","guid":{"rendered":"https:\/\/tilefly.com\/producto\/reef\/"},"modified":"2024-11-14T20:30:28","modified_gmt":"2024-11-14T19:30:28","slug":"reef","status":"publish","type":"product","link":"https:\/\/tilefly.com\/de\/produkt\/reef\/","title":{"rendered":"REEF"},"content":{"rendered":"<h2>Riff Serie<br \/><\/h2><p>Stellen Sie sich eine Reise zu einem Inselparadies vor. Stellen Sie sich den Moment vor, in dem Sie kurz vor Ihrem Ziel ankommen und durch die Wolken eine spektakul\u00e4re Landschaft erblicken. Das ist es, was Reef heraufbeschw\u00f6rt, sowohl in seinem einzigartigen Relief als auch in seinen erstaunlichen Farben. Diese Kollektion bringt uns zur\u00fcck zu den intensiven Farben des Ozeans mit der Verwendung von sechs Druckfarben im Digitaldruck und Veredelungen, die eine ersch\u00f6pfende Handwerkskunst wiedergeben.<\/p>","protected":false},"excerpt":{"rendered":"<p>Riff SerieStellen Sie sich eine Reise zu einem Inselparadies vor. Stellen Sie sich den Moment vor, in dem Sie kurz vor Ihrem Ziel ankommen und durch die Wolken eine spektakul\u00e4re Landschaft erblicken. Das ist es, was Reef heraufbeschw\u00f6rt, sowohl in seinem einzigartigen Relief als auch in seinen erstaunlichen Farben. Diese Kollektion bringt uns zur\u00fcck zu [&hellip;]<\/p>\n","protected":false},"featured_media":545322,"comment_status":"closed","ping_status":"closed","template":"","meta":[],"product_brand":[],"product_cat":[457,460,458,456,459],"product_tag":[],"class_list":{"0":"post-545596","1":"product","2":"type-product","3":"status-publish","4":"has-post-thumbnail","6":"product_cat-badezimmer","7":"product_cat-bodenfliesen","8":"product_cat-kuchen","9":"product_cat-vohnzimmer","10":"product_cat-wandfliesen","12":"first","13":"instock","14":"shipping-taxable","15":"product-type-grouped"},"_links":{"self":[{"href":"https:\/\/tilefly.com\/de\/wp-json\/wp\/v2\/product\/545596","targetHints":{"allow":["GET"]}}],"collection":[{"href":"https:\/\/tilefly.com\/de\/wp-json\/wp\/v2\/product"}],"about":[{"href":"https:\/\/tilefly.com\/de\/wp-json\/wp\/v2\/types\/product"}],"replies":[{"embeddable":true,"href":"https:\/\/tilefly.com\/de\/wp-json\/wp\/v2\/comments?post=545596"}],"wp:featuredmedia":[{"embeddable":true,"href":"https:\/\/tilefly.com\/de\/wp-json\/wp\/v2\/media\/545322"}],"wp:attachment":[{"href":"https:\/\/tilefly.com\/de\/wp-json\/wp\/v2\/media?parent=545596"}],"wp:term":[{"taxonomy":"product_brand","embeddable":true,"href":"https:\/\/tilefly.com\/de\/wp-json\/wp\/v2\/product_brand?post=545596"},{"taxonomy":"product_cat","embeddable":true,"href":"https:\/\/tilefly.com\/de\/wp-json\/wp\/v2\/product_cat?post=545596"},{"taxonomy":"product_tag","embeddable":true,"href":"https:\/\/tilefly.com\/de\/wp-json\/wp\/v2\/product_tag?post=545596"}],"curies":[{"name":"wp","href":"https:\/\/api.w.org\/{rel}","templated":true}]}}