{"id":545590,"date":"2024-11-14T20:20:54","date_gmt":"2024-11-14T19:30:24","guid":{"rendered":"https:\/\/tilefly.com\/producto\/reality\/"},"modified":"2024-11-14T20:30:24","modified_gmt":"2024-11-14T19:30:24","slug":"reality","status":"publish","type":"product","link":"https:\/\/tilefly.com\/de\/produkt\/reality\/","title":{"rendered":"Reality"},"content":{"rendered":"<h2>Reality-Serie<br \/><\/h2><p>Dies ist eine Sammlung im kleinen Format, aber mit einem gro\u00dfen dekorativen Geist. Das ist Reality. Ihr Design hebt die klassischen keramischen Effekte und Glasuren hervor, aber mit einem modernen Touch dank der aktualisierten Farben. Die Geometrien und Volumen verleihen ihr eine einzigartige Pers\u00f6nlichkeit. Eine Kollektion mit metroartigen Fliesen, aber mit unglaublichen Volumina. Reality besteht aus St\u00fccken mit unterschiedlichen Formen und Oberfl\u00e4chen. Ein Vorschlag, der speziell entwickelt wurde, um Volumen mit einem umwerfenden Ergebnis zu mischen.<\/p>","protected":false},"excerpt":{"rendered":"<p>Reality-SerieDies ist eine Sammlung im kleinen Format, aber mit einem gro\u00dfen dekorativen Geist. Das ist Reality. Ihr Design hebt die klassischen keramischen Effekte und Glasuren hervor, aber mit einem modernen Touch dank der aktualisierten Farben. Die Geometrien und Volumen verleihen ihr eine einzigartige Pers\u00f6nlichkeit. Eine Kollektion mit metroartigen Fliesen, aber mit unglaublichen Volumina. Reality besteht [&hellip;]<\/p>\n","protected":false},"featured_media":544981,"comment_status":"closed","ping_status":"closed","template":"","meta":[],"product_brand":[],"product_cat":[457,458,459],"product_tag":[],"class_list":{"0":"post-545590","1":"product","2":"type-product","3":"status-publish","4":"has-post-thumbnail","6":"product_cat-badezimmer","7":"product_cat-kuchen","8":"product_cat-wandfliesen","10":"first","11":"instock","12":"shipping-taxable","13":"product-type-grouped"},"_links":{"self":[{"href":"https:\/\/tilefly.com\/de\/wp-json\/wp\/v2\/product\/545590","targetHints":{"allow":["GET"]}}],"collection":[{"href":"https:\/\/tilefly.com\/de\/wp-json\/wp\/v2\/product"}],"about":[{"href":"https:\/\/tilefly.com\/de\/wp-json\/wp\/v2\/types\/product"}],"replies":[{"embeddable":true,"href":"https:\/\/tilefly.com\/de\/wp-json\/wp\/v2\/comments?post=545590"}],"wp:featuredmedia":[{"embeddable":true,"href":"https:\/\/tilefly.com\/de\/wp-json\/wp\/v2\/media\/544981"}],"wp:attachment":[{"href":"https:\/\/tilefly.com\/de\/wp-json\/wp\/v2\/media?parent=545590"}],"wp:term":[{"taxonomy":"product_brand","embeddable":true,"href":"https:\/\/tilefly.com\/de\/wp-json\/wp\/v2\/product_brand?post=545590"},{"taxonomy":"product_cat","embeddable":true,"href":"https:\/\/tilefly.com\/de\/wp-json\/wp\/v2\/product_cat?post=545590"},{"taxonomy":"product_tag","embeddable":true,"href":"https:\/\/tilefly.com\/de\/wp-json\/wp\/v2\/product_tag?post=545590"}],"curies":[{"name":"wp","href":"https:\/\/api.w.org\/{rel}","templated":true}]}}