{"id":545584,"date":"2024-11-14T20:17:31","date_gmt":"2024-11-14T19:17:31","guid":{"rendered":"https:\/\/tilefly.com\/producto\/reef-white-honed-rect-60x120\/"},"modified":"2024-11-14T20:30:21","modified_gmt":"2024-11-14T19:30:21","slug":"reef-white-honed-rect-60x120","status":"publish","type":"product","link":"https:\/\/tilefly.com\/de\/produkt\/reef-white-honed-rect-60x120\/","title":{"rendered":"REEF WHITE HONED RECT 60X120"},"content":{"rendered":"<h2><strong>RIFF WEISS GESCHLIFFEN RECT 60X120<\/strong><\/h2><p>Die Feinsteinzeugfliese <em>Reef White Honed Rect 60X120<\/em> zeichnet sich durch ihre Lapado-Oberfl\u00e4che und ihren Metalleffekt aus und ist ideal f\u00fcr die Gestaltung moderner und anspruchsvoller R\u00e4ume. Mit ihrem wei\u00dfen Farbton erinnert sie an die Reinheit und Gelassenheit des Ozeans und vermittelt in jeder Umgebung ein Gef\u00fchl von Gro\u00dfz\u00fcgigkeit und Licht. <\/p><p>Sein Design ist von paradiesischen Landschaften inspiriert, wo die hellen Farben und das einzigartige Relief einen Hauch von Eleganz und Frische vermitteln. Dieser Bodenbelag geh\u00f6rt zur <a href=\"https:\/\/tilefly.com\/producto\/reef\/\">Serie Reef<\/a>, einer Kollektion, die R\u00e4ume in wahre Refugien verwandelt, ideal f\u00fcr diejenigen, die eine handwerkliche Verarbeitung mit einem Hauch von Modernit\u00e4t suchen. <\/p>","protected":false},"excerpt":{"rendered":"<p>RIFF WEISS GESCHLIFFEN RECT 60X120Die Feinsteinzeugfliese Reef White Honed Rect 60X120 zeichnet sich durch ihre Lapado-Oberfl\u00e4che und ihren Metalleffekt aus und ist ideal f\u00fcr die Gestaltung moderner und anspruchsvoller R\u00e4ume. Mit ihrem wei\u00dfen Farbton erinnert sie an die Reinheit und Gelassenheit des Ozeans und vermittelt in jeder Umgebung ein Gef\u00fchl von Gro\u00dfz\u00fcgigkeit und Licht. Sein [&hellip;]<\/p>\n","protected":false},"featured_media":545080,"comment_status":"open","ping_status":"closed","template":"","meta":[],"product_brand":[],"product_cat":[457,458,456,459],"product_tag":[],"class_list":{"0":"post-545584","1":"product","2":"type-product","3":"status-publish","4":"has-post-thumbnail","6":"product_cat-badezimmer","7":"product_cat-kuchen","8":"product_cat-vohnzimmer","9":"product_cat-wandfliesen","11":"first","12":"instock","13":"shipping-taxable","14":"purchasable","15":"product-type-simple"},"_links":{"self":[{"href":"https:\/\/tilefly.com\/de\/wp-json\/wp\/v2\/product\/545584","targetHints":{"allow":["GET"]}}],"collection":[{"href":"https:\/\/tilefly.com\/de\/wp-json\/wp\/v2\/product"}],"about":[{"href":"https:\/\/tilefly.com\/de\/wp-json\/wp\/v2\/types\/product"}],"replies":[{"embeddable":true,"href":"https:\/\/tilefly.com\/de\/wp-json\/wp\/v2\/comments?post=545584"}],"wp:featuredmedia":[{"embeddable":true,"href":"https:\/\/tilefly.com\/de\/wp-json\/wp\/v2\/media\/545080"}],"wp:attachment":[{"href":"https:\/\/tilefly.com\/de\/wp-json\/wp\/v2\/media?parent=545584"}],"wp:term":[{"taxonomy":"product_brand","embeddable":true,"href":"https:\/\/tilefly.com\/de\/wp-json\/wp\/v2\/product_brand?post=545584"},{"taxonomy":"product_cat","embeddable":true,"href":"https:\/\/tilefly.com\/de\/wp-json\/wp\/v2\/product_cat?post=545584"},{"taxonomy":"product_tag","embeddable":true,"href":"https:\/\/tilefly.com\/de\/wp-json\/wp\/v2\/product_tag?post=545584"}],"curies":[{"name":"wp","href":"https:\/\/api.w.org\/{rel}","templated":true}]}}