{"id":545583,"date":"2024-11-14T20:13:05","date_gmt":"2024-11-14T19:13:05","guid":{"rendered":"https:\/\/tilefly.com\/producto\/spectrum-smoke-75x30\/"},"modified":"2024-11-14T20:30:20","modified_gmt":"2024-11-14T19:30:20","slug":"spectrum-smoke-75x30","status":"publish","type":"product","link":"https:\/\/tilefly.com\/de\/produkt\/spectrum-smoke-75x30\/","title":{"rendered":"SPECTRUM SMOKE 7,5X30"},"content":{"rendered":"<h2><strong>SPEKTRUM RAUCH 7,5X30<\/strong><\/h2><p>Die <em>Spectrum Smoke 7,5X30<\/em> in Rauchton ist eine wei\u00dfe Pastenfliese, die sich durch ihre gl\u00e4nzende Oberfl\u00e4che und ihr dekoratives Design auszeichnet. Dieses St\u00fcck ist ideal f\u00fcr alle, die einen modernen und eleganten Stil mit einem Hauch von Tiefe suchen. <\/p><p>Erfahren Sie mehr \u00fcber dieses St\u00fcck und andere Designs aus der <a href=\"https:\/\/tilefly.com\/producto\/reality\/\">Reality Series<\/a>.<\/p>","protected":false},"excerpt":{"rendered":"<p>SPEKTRUM RAUCH 7,5X30Die Spectrum Smoke 7,5X30 in Rauchton ist eine wei\u00dfe Pastenfliese, die sich durch ihre gl\u00e4nzende Oberfl\u00e4che und ihr dekoratives Design auszeichnet. Dieses St\u00fcck ist ideal f\u00fcr alle, die einen modernen und eleganten Stil mit einem Hauch von Tiefe suchen. Erfahren Sie mehr \u00fcber dieses St\u00fcck und andere Designs aus der Reality Series.<\/p>\n","protected":false},"featured_media":545053,"comment_status":"open","ping_status":"closed","template":"","meta":[],"product_brand":[],"product_cat":[457,458,459],"product_tag":[],"class_list":{"0":"post-545583","1":"product","2":"type-product","3":"status-publish","4":"has-post-thumbnail","6":"product_cat-badezimmer","7":"product_cat-kuchen","8":"product_cat-wandfliesen","10":"first","11":"outofstock","12":"shipping-taxable","13":"purchasable","14":"product-type-simple"},"_links":{"self":[{"href":"https:\/\/tilefly.com\/de\/wp-json\/wp\/v2\/product\/545583","targetHints":{"allow":["GET"]}}],"collection":[{"href":"https:\/\/tilefly.com\/de\/wp-json\/wp\/v2\/product"}],"about":[{"href":"https:\/\/tilefly.com\/de\/wp-json\/wp\/v2\/types\/product"}],"replies":[{"embeddable":true,"href":"https:\/\/tilefly.com\/de\/wp-json\/wp\/v2\/comments?post=545583"}],"wp:featuredmedia":[{"embeddable":true,"href":"https:\/\/tilefly.com\/de\/wp-json\/wp\/v2\/media\/545053"}],"wp:attachment":[{"href":"https:\/\/tilefly.com\/de\/wp-json\/wp\/v2\/media?parent=545583"}],"wp:term":[{"taxonomy":"product_brand","embeddable":true,"href":"https:\/\/tilefly.com\/de\/wp-json\/wp\/v2\/product_brand?post=545583"},{"taxonomy":"product_cat","embeddable":true,"href":"https:\/\/tilefly.com\/de\/wp-json\/wp\/v2\/product_cat?post=545583"},{"taxonomy":"product_tag","embeddable":true,"href":"https:\/\/tilefly.com\/de\/wp-json\/wp\/v2\/product_tag?post=545583"}],"curies":[{"name":"wp","href":"https:\/\/api.w.org\/{rel}","templated":true}]}}