{"id":545580,"date":"2024-11-14T20:12:46","date_gmt":"2024-11-14T19:12:46","guid":{"rendered":"https:\/\/tilefly.com\/producto\/spectrum-wind-75x30\/"},"modified":"2024-11-14T20:30:17","modified_gmt":"2024-11-14T19:30:17","slug":"spectrum-wind-75x30","status":"publish","type":"product","link":"https:\/\/tilefly.com\/de\/produkt\/spectrum-wind-75x30\/","title":{"rendered":"SPECTRUM WIND 7,5X30"},"content":{"rendered":"<h2><strong>SPEKTRUM WIND 7,5X30<\/strong><\/h2><p>Die <em>Spectrum Wind 7,5X30<\/em> in Grau ist eine dekorative Wandfliese, die eine gl\u00e4nzende Oberfl\u00e4che mit einem eleganten und raffinierten Design kombiniert. Diese Fliese ist perfekt f\u00fcr alle, die eine moderne \u00c4sthetik mit einem klassischen Touch suchen. <\/p><p>Entdecken Sie mehr von der <a href=\"https:\/\/tilefly.com\/producto\/reality\/\">Reality Serie<\/a> und bringen Sie die zeitgen\u00f6ssische Essenz in Ihre R\u00e4ume.<\/p>","protected":false},"excerpt":{"rendered":"<p>SPEKTRUM WIND 7,5X30Die Spectrum Wind 7,5X30 in Grau ist eine dekorative Wandfliese, die eine gl\u00e4nzende Oberfl\u00e4che mit einem eleganten und raffinierten Design kombiniert. Diese Fliese ist perfekt f\u00fcr alle, die eine moderne \u00c4sthetik mit einem klassischen Touch suchen. Entdecken Sie mehr von der Reality Serie und bringen Sie die zeitgen\u00f6ssische Essenz in Ihre R\u00e4ume.<\/p>\n","protected":false},"featured_media":545001,"comment_status":"open","ping_status":"closed","template":"","meta":[],"product_brand":[],"product_cat":[457,458,459],"product_tag":[],"class_list":{"0":"post-545580","1":"product","2":"type-product","3":"status-publish","4":"has-post-thumbnail","6":"product_cat-badezimmer","7":"product_cat-kuchen","8":"product_cat-wandfliesen","10":"first","11":"instock","12":"shipping-taxable","13":"purchasable","14":"product-type-simple"},"_links":{"self":[{"href":"https:\/\/tilefly.com\/de\/wp-json\/wp\/v2\/product\/545580","targetHints":{"allow":["GET"]}}],"collection":[{"href":"https:\/\/tilefly.com\/de\/wp-json\/wp\/v2\/product"}],"about":[{"href":"https:\/\/tilefly.com\/de\/wp-json\/wp\/v2\/types\/product"}],"replies":[{"embeddable":true,"href":"https:\/\/tilefly.com\/de\/wp-json\/wp\/v2\/comments?post=545580"}],"wp:featuredmedia":[{"embeddable":true,"href":"https:\/\/tilefly.com\/de\/wp-json\/wp\/v2\/media\/545001"}],"wp:attachment":[{"href":"https:\/\/tilefly.com\/de\/wp-json\/wp\/v2\/media?parent=545580"}],"wp:term":[{"taxonomy":"product_brand","embeddable":true,"href":"https:\/\/tilefly.com\/de\/wp-json\/wp\/v2\/product_brand?post=545580"},{"taxonomy":"product_cat","embeddable":true,"href":"https:\/\/tilefly.com\/de\/wp-json\/wp\/v2\/product_cat?post=545580"},{"taxonomy":"product_tag","embeddable":true,"href":"https:\/\/tilefly.com\/de\/wp-json\/wp\/v2\/product_tag?post=545580"}],"curies":[{"name":"wp","href":"https:\/\/api.w.org\/{rel}","templated":true}]}}