{"id":545576,"date":"2024-11-14T20:12:55","date_gmt":"2024-11-14T19:12:55","guid":{"rendered":"https:\/\/tilefly.com\/producto\/spectrum-sahara-75x30\/"},"modified":"2024-11-14T20:30:15","modified_gmt":"2024-11-14T19:30:15","slug":"spectrum-sahara-75x30","status":"publish","type":"product","link":"https:\/\/tilefly.com\/de\/produkt\/spectrum-sahara-75x30\/","title":{"rendered":"SPECTRUM SAHARA 7,5X30"},"content":{"rendered":"<h2><strong>SPEKTRUM SAHARA 7,5X30<\/strong><\/h2><p>Die <em>Spectrum Sahara 7,5X30<\/em> in Gelb ist eine wei\u00dfe Pastenfliese mit gl\u00e4nzender Oberfl\u00e4che und dekorativem Design, ideal um jedem Raum Lebendigkeit und Stil zu verleihen. Diese Fliese im Metro-Stil ist perfekt f\u00fcr lebendige Kombinationen. <\/p><p>Entdecken Sie mehr in der <a href=\"https:\/\/tilefly.com\/producto\/reality\/\">Reality Series<\/a> und verleihen Sie Ihren W\u00e4nden einen einzigartigen und farbenfrohen Touch.<\/p>","protected":false},"excerpt":{"rendered":"<p>SPEKTRUM SAHARA 7,5X30Die Spectrum Sahara 7,5X30 in Gelb ist eine wei\u00dfe Pastenfliese mit gl\u00e4nzender Oberfl\u00e4che und dekorativem Design, ideal um jedem Raum Lebendigkeit und Stil zu verleihen. Diese Fliese im Metro-Stil ist perfekt f\u00fcr lebendige Kombinationen. Entdecken Sie mehr in der Reality Series und verleihen Sie Ihren W\u00e4nden einen einzigartigen und farbenfrohen Touch.<\/p>\n","protected":false},"featured_media":545027,"comment_status":"open","ping_status":"closed","template":"","meta":[],"product_brand":[],"product_cat":[457,458,459],"product_tag":[],"class_list":{"0":"post-545576","1":"product","2":"type-product","3":"status-publish","4":"has-post-thumbnail","6":"product_cat-badezimmer","7":"product_cat-kuchen","8":"product_cat-wandfliesen","10":"first","11":"outofstock","12":"shipping-taxable","13":"purchasable","14":"product-type-simple"},"_links":{"self":[{"href":"https:\/\/tilefly.com\/de\/wp-json\/wp\/v2\/product\/545576","targetHints":{"allow":["GET"]}}],"collection":[{"href":"https:\/\/tilefly.com\/de\/wp-json\/wp\/v2\/product"}],"about":[{"href":"https:\/\/tilefly.com\/de\/wp-json\/wp\/v2\/types\/product"}],"replies":[{"embeddable":true,"href":"https:\/\/tilefly.com\/de\/wp-json\/wp\/v2\/comments?post=545576"}],"wp:featuredmedia":[{"embeddable":true,"href":"https:\/\/tilefly.com\/de\/wp-json\/wp\/v2\/media\/545027"}],"wp:attachment":[{"href":"https:\/\/tilefly.com\/de\/wp-json\/wp\/v2\/media?parent=545576"}],"wp:term":[{"taxonomy":"product_brand","embeddable":true,"href":"https:\/\/tilefly.com\/de\/wp-json\/wp\/v2\/product_brand?post=545576"},{"taxonomy":"product_cat","embeddable":true,"href":"https:\/\/tilefly.com\/de\/wp-json\/wp\/v2\/product_cat?post=545576"},{"taxonomy":"product_tag","embeddable":true,"href":"https:\/\/tilefly.com\/de\/wp-json\/wp\/v2\/product_tag?post=545576"}],"curies":[{"name":"wp","href":"https:\/\/api.w.org\/{rel}","templated":true}]}}