{"id":545563,"date":"2024-11-14T20:12:13","date_gmt":"2024-11-14T19:12:13","guid":{"rendered":"https:\/\/tilefly.com\/producto\/spectrum-snow-75x30\/"},"modified":"2024-11-14T20:29:58","modified_gmt":"2024-11-14T19:29:58","slug":"spectrum-snow-75x30","status":"publish","type":"product","link":"https:\/\/tilefly.com\/de\/produkt\/spectrum-snow-75x30\/","title":{"rendered":"SPECTRUM SNOW 7,5X30"},"content":{"rendered":"<h2><strong>SPEKTRUM SCHNEE 7,5X30<\/strong><\/h2><p><em>Spectrum Snow 7,5X30<\/em> in der Farbe Snow ist eine gl\u00e4nzend wei\u00dfe Fliese, die R\u00e4umen Licht und Gro\u00dfz\u00fcgigkeit verleiht. Ihr dekoratives Design und das Metro-Format machen sie zu einer vielseitigen Wahl f\u00fcr moderne Innenr\u00e4ume. <\/p><p>Entdecken Sie die <a href=\"https:\/\/tilefly.com\/producto\/reality\/\">Reality Series<\/a> und lassen Sie sich f\u00fcr Ihre W\u00e4nde inspirieren.<\/p>","protected":false},"excerpt":{"rendered":"<p>SPEKTRUM SCHNEE 7,5X30Spectrum Snow 7,5X30 in der Farbe Snow ist eine gl\u00e4nzend wei\u00dfe Fliese, die R\u00e4umen Licht und Gro\u00dfz\u00fcgigkeit verleiht. Ihr dekoratives Design und das Metro-Format machen sie zu einer vielseitigen Wahl f\u00fcr moderne Innenr\u00e4ume. Entdecken Sie die Reality Series und lassen Sie sich f\u00fcr Ihre W\u00e4nde inspirieren.<\/p>\n","protected":false},"featured_media":544923,"comment_status":"open","ping_status":"closed","template":"","meta":[],"product_brand":[],"product_cat":[457,458,459],"product_tag":[],"class_list":{"0":"post-545563","1":"product","2":"type-product","3":"status-publish","4":"has-post-thumbnail","6":"product_cat-badezimmer","7":"product_cat-kuchen","8":"product_cat-wandfliesen","10":"first","11":"instock","12":"shipping-taxable","13":"purchasable","14":"product-type-simple"},"_links":{"self":[{"href":"https:\/\/tilefly.com\/de\/wp-json\/wp\/v2\/product\/545563","targetHints":{"allow":["GET"]}}],"collection":[{"href":"https:\/\/tilefly.com\/de\/wp-json\/wp\/v2\/product"}],"about":[{"href":"https:\/\/tilefly.com\/de\/wp-json\/wp\/v2\/types\/product"}],"replies":[{"embeddable":true,"href":"https:\/\/tilefly.com\/de\/wp-json\/wp\/v2\/comments?post=545563"}],"wp:featuredmedia":[{"embeddable":true,"href":"https:\/\/tilefly.com\/de\/wp-json\/wp\/v2\/media\/544923"}],"wp:attachment":[{"href":"https:\/\/tilefly.com\/de\/wp-json\/wp\/v2\/media?parent=545563"}],"wp:term":[{"taxonomy":"product_brand","embeddable":true,"href":"https:\/\/tilefly.com\/de\/wp-json\/wp\/v2\/product_brand?post=545563"},{"taxonomy":"product_cat","embeddable":true,"href":"https:\/\/tilefly.com\/de\/wp-json\/wp\/v2\/product_cat?post=545563"},{"taxonomy":"product_tag","embeddable":true,"href":"https:\/\/tilefly.com\/de\/wp-json\/wp\/v2\/product_tag?post=545563"}],"curies":[{"name":"wp","href":"https:\/\/api.w.org\/{rel}","templated":true}]}}