{"id":545561,"date":"2024-11-14T20:11:55","date_gmt":"2024-11-14T19:11:55","guid":{"rendered":"https:\/\/tilefly.com\/producto\/spectrum-river-75x30\/"},"modified":"2024-11-14T20:29:54","modified_gmt":"2024-11-14T19:29:54","slug":"spectrum-river-75x30","status":"publish","type":"product","link":"https:\/\/tilefly.com\/de\/produkt\/spectrum-river-75x30\/","title":{"rendered":"SPECTRUM RIVER 7,5X30"},"content":{"rendered":"<h2><strong>SPEKTRUM FLUSS 7,5X30<\/strong><\/h2><p><em>Spectrum River 7,5X30<\/em> in Blau ist eine wei\u00dfe, pastellfarbene Wandfliese mit einer gl\u00e4nzenden Oberfl\u00e4che, die jedem Raum Frische und Modernit\u00e4t verleiht. Ihr dekoratives Design ist ideal f\u00fcr alle, die sich einen Hauch von Farbe und zeitgen\u00f6ssischem Stil f\u00fcr ihre W\u00e4nde w\u00fcnschen. <\/p><p>Entdecken Sie mehr in der <a href=\"https:\/\/tilefly.com\/producto\/reality\/\">Reality Series<\/a> und lassen Sie sich f\u00fcr Ihr n\u00e4chstes Einrichtungsprojekt inspirieren.<\/p>","protected":false},"excerpt":{"rendered":"<p>SPEKTRUM FLUSS 7,5X30Spectrum River 7,5X30 in Blau ist eine wei\u00dfe, pastellfarbene Wandfliese mit einer gl\u00e4nzenden Oberfl\u00e4che, die jedem Raum Frische und Modernit\u00e4t verleiht. Ihr dekoratives Design ist ideal f\u00fcr alle, die sich einen Hauch von Farbe und zeitgen\u00f6ssischem Stil f\u00fcr ihre W\u00e4nde w\u00fcnschen. Entdecken Sie mehr in der Reality Series und lassen Sie sich f\u00fcr [&hellip;]<\/p>\n","protected":false},"featured_media":544871,"comment_status":"open","ping_status":"closed","template":"","meta":[],"product_brand":[],"product_cat":[457,458,459],"product_tag":[],"class_list":{"0":"post-545561","1":"product","2":"type-product","3":"status-publish","4":"has-post-thumbnail","6":"product_cat-badezimmer","7":"product_cat-kuchen","8":"product_cat-wandfliesen","10":"first","11":"instock","12":"shipping-taxable","13":"purchasable","14":"product-type-simple"},"_links":{"self":[{"href":"https:\/\/tilefly.com\/de\/wp-json\/wp\/v2\/product\/545561","targetHints":{"allow":["GET"]}}],"collection":[{"href":"https:\/\/tilefly.com\/de\/wp-json\/wp\/v2\/product"}],"about":[{"href":"https:\/\/tilefly.com\/de\/wp-json\/wp\/v2\/types\/product"}],"replies":[{"embeddable":true,"href":"https:\/\/tilefly.com\/de\/wp-json\/wp\/v2\/comments?post=545561"}],"wp:featuredmedia":[{"embeddable":true,"href":"https:\/\/tilefly.com\/de\/wp-json\/wp\/v2\/media\/544871"}],"wp:attachment":[{"href":"https:\/\/tilefly.com\/de\/wp-json\/wp\/v2\/media?parent=545561"}],"wp:term":[{"taxonomy":"product_brand","embeddable":true,"href":"https:\/\/tilefly.com\/de\/wp-json\/wp\/v2\/product_brand?post=545561"},{"taxonomy":"product_cat","embeddable":true,"href":"https:\/\/tilefly.com\/de\/wp-json\/wp\/v2\/product_cat?post=545561"},{"taxonomy":"product_tag","embeddable":true,"href":"https:\/\/tilefly.com\/de\/wp-json\/wp\/v2\/product_tag?post=545561"}],"curies":[{"name":"wp","href":"https:\/\/api.w.org\/{rel}","templated":true}]}}