{"id":545557,"date":"2024-11-14T20:11:36","date_gmt":"2024-11-14T19:11:36","guid":{"rendered":"https:\/\/tilefly.com\/producto\/refraction-sahara-75x30\/"},"modified":"2024-11-14T20:29:52","modified_gmt":"2024-11-14T19:29:52","slug":"refraction-sahara-75x30","status":"publish","type":"product","link":"https:\/\/tilefly.com\/de\/produkt\/refraction-sahara-75x30\/","title":{"rendered":"REFRACTION SAHARA 7,5X30"},"content":{"rendered":"<h2><strong>BRECHUNG SAHARA 7,5X30<\/strong><\/h2><p><em>Refraction Sahara 7,5X30<\/em> in Gelb ist eine leuchtend wei\u00dfe, k\u00f6rperhafte Wandfliese, ideal, um Innenr\u00e4umen Energie und Pers\u00f6nlichkeit zu verleihen. Mit ihrem dekorativen Design und der leuchtenden Farbe ist diese Fliese perfekt f\u00fcr alle, die einen frischen und dynamischen Stil suchen. <\/p><p>Erfahren Sie mehr \u00fcber die <a href=\"https:\/\/tilefly.com\/producto\/reality\/\">Reality Series<\/a> und verleihen Sie Ihren R\u00e4umen einen einzigartigen und modernen dekorativen Touch.<\/p>","protected":false},"excerpt":{"rendered":"<p>BRECHUNG SAHARA 7,5X30Refraction Sahara 7,5X30 in Gelb ist eine leuchtend wei\u00dfe, k\u00f6rperhafte Wandfliese, ideal, um Innenr\u00e4umen Energie und Pers\u00f6nlichkeit zu verleihen. Mit ihrem dekorativen Design und der leuchtenden Farbe ist diese Fliese perfekt f\u00fcr alle, die einen frischen und dynamischen Stil suchen. Erfahren Sie mehr \u00fcber die Reality Series und verleihen Sie Ihren R\u00e4umen einen [&hellip;]<\/p>\n","protected":false},"featured_media":544819,"comment_status":"open","ping_status":"closed","template":"","meta":[],"product_brand":[],"product_cat":[457,458,459],"product_tag":[],"class_list":{"0":"post-545557","1":"product","2":"type-product","3":"status-publish","4":"has-post-thumbnail","6":"product_cat-badezimmer","7":"product_cat-kuchen","8":"product_cat-wandfliesen","10":"first","11":"outofstock","12":"shipping-taxable","13":"purchasable","14":"product-type-simple"},"_links":{"self":[{"href":"https:\/\/tilefly.com\/de\/wp-json\/wp\/v2\/product\/545557","targetHints":{"allow":["GET"]}}],"collection":[{"href":"https:\/\/tilefly.com\/de\/wp-json\/wp\/v2\/product"}],"about":[{"href":"https:\/\/tilefly.com\/de\/wp-json\/wp\/v2\/types\/product"}],"replies":[{"embeddable":true,"href":"https:\/\/tilefly.com\/de\/wp-json\/wp\/v2\/comments?post=545557"}],"wp:featuredmedia":[{"embeddable":true,"href":"https:\/\/tilefly.com\/de\/wp-json\/wp\/v2\/media\/544819"}],"wp:attachment":[{"href":"https:\/\/tilefly.com\/de\/wp-json\/wp\/v2\/media?parent=545557"}],"wp:term":[{"taxonomy":"product_brand","embeddable":true,"href":"https:\/\/tilefly.com\/de\/wp-json\/wp\/v2\/product_brand?post=545557"},{"taxonomy":"product_cat","embeddable":true,"href":"https:\/\/tilefly.com\/de\/wp-json\/wp\/v2\/product_cat?post=545557"},{"taxonomy":"product_tag","embeddable":true,"href":"https:\/\/tilefly.com\/de\/wp-json\/wp\/v2\/product_tag?post=545557"}],"curies":[{"name":"wp","href":"https:\/\/api.w.org\/{rel}","templated":true}]}}