{"id":545554,"date":"2024-11-14T20:11:44","date_gmt":"2024-11-14T19:11:44","guid":{"rendered":"https:\/\/tilefly.com\/producto\/refraction-smoke-75x30\/"},"modified":"2024-11-14T20:29:51","modified_gmt":"2024-11-14T19:29:51","slug":"refraction-smoke-75x30","status":"publish","type":"product","link":"https:\/\/tilefly.com\/de\/produkt\/refraction-smoke-75x30\/","title":{"rendered":"REFRACTION SMOKE 7,5X30"},"content":{"rendered":"<h2><strong>REFRAKTIONSRAUCH 7,5X30<\/strong><\/h2><p>Die <em>Refraction Smoke 7,5X30<\/em> im Farbton smoke ist eine dekorative Wandfliese, die R\u00e4umen Tiefe und Eleganz verleiht. Mit ihrer gl\u00e4nzenden Oberfl\u00e4che und dem wei\u00dfen Pastenmuster ist diese Fliese ideal f\u00fcr alle, die eine anspruchsvolle und moderne \u00c4sthetik suchen. <\/p><p>Entdecken Sie die <a href=\"https:\/\/tilefly.com\/producto\/reality\/\">Reality Series<\/a> und verwandeln Sie Ihre Innenr\u00e4ume mit dieser kleinformatigen Untergrundfliese.<\/p>","protected":false},"excerpt":{"rendered":"<p>REFRAKTIONSRAUCH 7,5X30Die Refraction Smoke 7,5X30 im Farbton smoke ist eine dekorative Wandfliese, die R\u00e4umen Tiefe und Eleganz verleiht. Mit ihrer gl\u00e4nzenden Oberfl\u00e4che und dem wei\u00dfen Pastenmuster ist diese Fliese ideal f\u00fcr alle, die eine anspruchsvolle und moderne \u00c4sthetik suchen. Entdecken Sie die Reality Series und verwandeln Sie Ihre Innenr\u00e4ume mit dieser kleinformatigen Untergrundfliese.<\/p>\n","protected":false},"featured_media":544851,"comment_status":"open","ping_status":"closed","template":"","meta":[],"product_brand":[],"product_cat":[457,458,459],"product_tag":[],"class_list":{"0":"post-545554","1":"product","2":"type-product","3":"status-publish","4":"has-post-thumbnail","6":"product_cat-badezimmer","7":"product_cat-kuchen","8":"product_cat-wandfliesen","10":"first","11":"outofstock","12":"shipping-taxable","13":"purchasable","14":"product-type-simple"},"_links":{"self":[{"href":"https:\/\/tilefly.com\/de\/wp-json\/wp\/v2\/product\/545554","targetHints":{"allow":["GET"]}}],"collection":[{"href":"https:\/\/tilefly.com\/de\/wp-json\/wp\/v2\/product"}],"about":[{"href":"https:\/\/tilefly.com\/de\/wp-json\/wp\/v2\/types\/product"}],"replies":[{"embeddable":true,"href":"https:\/\/tilefly.com\/de\/wp-json\/wp\/v2\/comments?post=545554"}],"wp:featuredmedia":[{"embeddable":true,"href":"https:\/\/tilefly.com\/de\/wp-json\/wp\/v2\/media\/544851"}],"wp:attachment":[{"href":"https:\/\/tilefly.com\/de\/wp-json\/wp\/v2\/media?parent=545554"}],"wp:term":[{"taxonomy":"product_brand","embeddable":true,"href":"https:\/\/tilefly.com\/de\/wp-json\/wp\/v2\/product_brand?post=545554"},{"taxonomy":"product_cat","embeddable":true,"href":"https:\/\/tilefly.com\/de\/wp-json\/wp\/v2\/product_cat?post=545554"},{"taxonomy":"product_tag","embeddable":true,"href":"https:\/\/tilefly.com\/de\/wp-json\/wp\/v2\/product_tag?post=545554"}],"curies":[{"name":"wp","href":"https:\/\/api.w.org\/{rel}","templated":true}]}}