{"id":545551,"date":"2024-11-14T20:11:00","date_gmt":"2024-11-14T19:11:00","guid":{"rendered":"https:\/\/tilefly.com\/producto\/refraction-night-75x30\/"},"modified":"2024-11-14T20:29:46","modified_gmt":"2024-11-14T19:29:46","slug":"refraction-night-75x30","status":"publish","type":"product","link":"https:\/\/tilefly.com\/de\/produkt\/refraction-night-75x30\/","title":{"rendered":"REFRACTION NIGHT 7,5X30"},"content":{"rendered":"<h2><strong>REFRAKTION NACHT 7,5X30<\/strong><\/h2><p>Die <em>Refraction Night 7,5X30<\/em> in Schwarz ist eine dekorative wei\u00dfe Pastenfliese mit einer gl\u00e4nzenden Oberfl\u00e4che. Dieses Design ist perfekt, um einen Hauch von Raffinesse und Tiefe zu verleihen, ideal f\u00fcr diejenigen, die einen k\u00fchnen und modernen Stil suchen. <\/p><p>Erfahren Sie mehr \u00fcber dieses St\u00fcck aus der <a href=\"https:\/\/tilefly.com\/producto\/reality\/\">Reality Serie<\/a> und verleihen Sie Ihren R\u00e4umen einen modernen Touch.<\/p>","protected":false},"excerpt":{"rendered":"<p>REFRAKTION NACHT 7,5X30Die Refraction Night 7,5X30 in Schwarz ist eine dekorative wei\u00dfe Pastenfliese mit einer gl\u00e4nzenden Oberfl\u00e4che. Dieses Design ist perfekt, um einen Hauch von Raffinesse und Tiefe zu verleihen, ideal f\u00fcr diejenigen, die einen k\u00fchnen und modernen Stil suchen. Erfahren Sie mehr \u00fcber dieses St\u00fcck aus der Reality Serie und verleihen Sie Ihren R\u00e4umen [&hellip;]<\/p>\n","protected":false},"featured_media":544747,"comment_status":"open","ping_status":"closed","template":"","meta":[],"product_brand":[],"product_cat":[457,458,459],"product_tag":[],"class_list":{"0":"post-545551","1":"product","2":"type-product","3":"status-publish","4":"has-post-thumbnail","6":"product_cat-badezimmer","7":"product_cat-kuchen","8":"product_cat-wandfliesen","10":"first","11":"instock","12":"shipping-taxable","13":"purchasable","14":"product-type-simple"},"_links":{"self":[{"href":"https:\/\/tilefly.com\/de\/wp-json\/wp\/v2\/product\/545551","targetHints":{"allow":["GET"]}}],"collection":[{"href":"https:\/\/tilefly.com\/de\/wp-json\/wp\/v2\/product"}],"about":[{"href":"https:\/\/tilefly.com\/de\/wp-json\/wp\/v2\/types\/product"}],"replies":[{"embeddable":true,"href":"https:\/\/tilefly.com\/de\/wp-json\/wp\/v2\/comments?post=545551"}],"wp:featuredmedia":[{"embeddable":true,"href":"https:\/\/tilefly.com\/de\/wp-json\/wp\/v2\/media\/544747"}],"wp:attachment":[{"href":"https:\/\/tilefly.com\/de\/wp-json\/wp\/v2\/media?parent=545551"}],"wp:term":[{"taxonomy":"product_brand","embeddable":true,"href":"https:\/\/tilefly.com\/de\/wp-json\/wp\/v2\/product_brand?post=545551"},{"taxonomy":"product_cat","embeddable":true,"href":"https:\/\/tilefly.com\/de\/wp-json\/wp\/v2\/product_cat?post=545551"},{"taxonomy":"product_tag","embeddable":true,"href":"https:\/\/tilefly.com\/de\/wp-json\/wp\/v2\/product_tag?post=545551"}],"curies":[{"name":"wp","href":"https:\/\/api.w.org\/{rel}","templated":true}]}}