{"id":545546,"date":"2024-11-14T20:11:10","date_gmt":"2024-11-14T19:11:10","guid":{"rendered":"https:\/\/tilefly.com\/producto\/refraction-acqua-75x30\/"},"modified":"2024-11-14T20:29:43","modified_gmt":"2024-11-14T19:29:43","slug":"refraction-acqua-75x30","status":"publish","type":"product","link":"https:\/\/tilefly.com\/de\/produkt\/refraction-acqua-75x30\/","title":{"rendered":"REFRACTION ACQUA 7,5X30"},"content":{"rendered":"<h2><strong>REFRAKTION ACQUA 7,5X30<\/strong><\/h2><p><em>Refraction Acqua 7,5X30<\/em> ist eine wei\u00dfe, pastellfarbene Wandfliese in einem Aquaton mit einer gl\u00e4nzenden Oberfl\u00e4che, die Frische und Modernit\u00e4t ausstrahlt. Ihr dekoratives Design ist ideal, um in jedem Raum eine entspannende und lebendige Atmosph\u00e4re zu schaffen. <\/p><p>Erkunden Sie die <a href=\"https:\/\/tilefly.com\/producto\/reality\/\">Reality Series<\/a> und entdecken Sie, wie dieses St\u00fcck Ihre W\u00e4nde mit einer modernen Note zum Leben erwecken kann.<\/p>","protected":false},"excerpt":{"rendered":"<p>REFRAKTION ACQUA 7,5X30Refraction Acqua 7,5X30 ist eine wei\u00dfe, pastellfarbene Wandfliese in einem Aquaton mit einer gl\u00e4nzenden Oberfl\u00e4che, die Frische und Modernit\u00e4t ausstrahlt. Ihr dekoratives Design ist ideal, um in jedem Raum eine entspannende und lebendige Atmosph\u00e4re zu schaffen. Erkunden Sie die Reality Series und entdecken Sie, wie dieses St\u00fcck Ihre W\u00e4nde mit einer modernen Note [&hellip;]<\/p>\n","protected":false},"featured_media":544767,"comment_status":"open","ping_status":"closed","template":"","meta":[],"product_brand":[],"product_cat":[457,458,459],"product_tag":[],"class_list":{"0":"post-545546","1":"product","2":"type-product","3":"status-publish","4":"has-post-thumbnail","6":"product_cat-badezimmer","7":"product_cat-kuchen","8":"product_cat-wandfliesen","10":"first","11":"instock","12":"shipping-taxable","13":"purchasable","14":"product-type-simple"},"_links":{"self":[{"href":"https:\/\/tilefly.com\/de\/wp-json\/wp\/v2\/product\/545546","targetHints":{"allow":["GET"]}}],"collection":[{"href":"https:\/\/tilefly.com\/de\/wp-json\/wp\/v2\/product"}],"about":[{"href":"https:\/\/tilefly.com\/de\/wp-json\/wp\/v2\/types\/product"}],"replies":[{"embeddable":true,"href":"https:\/\/tilefly.com\/de\/wp-json\/wp\/v2\/comments?post=545546"}],"wp:featuredmedia":[{"embeddable":true,"href":"https:\/\/tilefly.com\/de\/wp-json\/wp\/v2\/media\/544767"}],"wp:attachment":[{"href":"https:\/\/tilefly.com\/de\/wp-json\/wp\/v2\/media?parent=545546"}],"wp:term":[{"taxonomy":"product_brand","embeddable":true,"href":"https:\/\/tilefly.com\/de\/wp-json\/wp\/v2\/product_brand?post=545546"},{"taxonomy":"product_cat","embeddable":true,"href":"https:\/\/tilefly.com\/de\/wp-json\/wp\/v2\/product_cat?post=545546"},{"taxonomy":"product_tag","embeddable":true,"href":"https:\/\/tilefly.com\/de\/wp-json\/wp\/v2\/product_tag?post=545546"}],"curies":[{"name":"wp","href":"https:\/\/api.w.org\/{rel}","templated":true}]}}