{"id":545545,"date":"2024-11-14T20:10:41","date_gmt":"2024-11-14T19:10:41","guid":{"rendered":"https:\/\/tilefly.com\/producto\/refraction-snow-75x30\/"},"modified":"2024-11-14T20:29:43","modified_gmt":"2024-11-14T19:29:43","slug":"refraction-snow-75x30","status":"publish","type":"product","link":"https:\/\/tilefly.com\/de\/produkt\/refraction-snow-75x30\/","title":{"rendered":"REFRACTION SNOW 7,5X30"},"content":{"rendered":"<h2><strong>REFRAKTION SCHNEE 7,5X30<\/strong><\/h2><p><em>Refraction Snow 7,5X30<\/em> im Schneeton ist eine gl\u00e4nzend wei\u00dfe Wandfliese, die ideal ist, um jedem Raum Licht und Gro\u00dfz\u00fcgigkeit zu verleihen. Ihr dekoratives Design und ihr kleines Format machen sie zu einer vielseitigen Wahl f\u00fcr moderne Innenr\u00e4ume. <\/p><p>Erkunden Sie die <a href=\"https:\/\/tilefly.com\/producto\/reality\/\">Reality Series<\/a> und entdecken Sie, wie diese Untergrundfliese jeden dekorativen Stil erg\u00e4nzen kann.<\/p>","protected":false},"excerpt":{"rendered":"<p>REFRAKTION SCHNEE 7,5X30Refraction Snow 7,5X30 im Schneeton ist eine gl\u00e4nzend wei\u00dfe Wandfliese, die ideal ist, um jedem Raum Licht und Gro\u00dfz\u00fcgigkeit zu verleihen. Ihr dekoratives Design und ihr kleines Format machen sie zu einer vielseitigen Wahl f\u00fcr moderne Innenr\u00e4ume. Erkunden Sie die Reality Series und entdecken Sie, wie diese Untergrundfliese jeden dekorativen Stil erg\u00e4nzen kann.<\/p>\n","protected":false},"featured_media":544715,"comment_status":"open","ping_status":"closed","template":"","meta":[],"product_brand":[],"product_cat":[457,458,459],"product_tag":[],"class_list":{"0":"post-545545","1":"product","2":"type-product","3":"status-publish","4":"has-post-thumbnail","6":"product_cat-badezimmer","7":"product_cat-kuchen","8":"product_cat-wandfliesen","10":"first","11":"instock","12":"shipping-taxable","13":"purchasable","14":"product-type-simple"},"_links":{"self":[{"href":"https:\/\/tilefly.com\/de\/wp-json\/wp\/v2\/product\/545545","targetHints":{"allow":["GET"]}}],"collection":[{"href":"https:\/\/tilefly.com\/de\/wp-json\/wp\/v2\/product"}],"about":[{"href":"https:\/\/tilefly.com\/de\/wp-json\/wp\/v2\/types\/product"}],"replies":[{"embeddable":true,"href":"https:\/\/tilefly.com\/de\/wp-json\/wp\/v2\/comments?post=545545"}],"wp:featuredmedia":[{"embeddable":true,"href":"https:\/\/tilefly.com\/de\/wp-json\/wp\/v2\/media\/544715"}],"wp:attachment":[{"href":"https:\/\/tilefly.com\/de\/wp-json\/wp\/v2\/media?parent=545545"}],"wp:term":[{"taxonomy":"product_brand","embeddable":true,"href":"https:\/\/tilefly.com\/de\/wp-json\/wp\/v2\/product_brand?post=545545"},{"taxonomy":"product_cat","embeddable":true,"href":"https:\/\/tilefly.com\/de\/wp-json\/wp\/v2\/product_cat?post=545545"},{"taxonomy":"product_tag","embeddable":true,"href":"https:\/\/tilefly.com\/de\/wp-json\/wp\/v2\/product_tag?post=545545"}],"curies":[{"name":"wp","href":"https:\/\/api.w.org\/{rel}","templated":true}]}}