{"id":545538,"date":"2024-11-14T20:10:18","date_gmt":"2024-11-14T19:10:18","guid":{"rendered":"https:\/\/tilefly.com\/producto\/refraction-palm-75x30\/"},"modified":"2024-11-14T20:29:34","modified_gmt":"2024-11-14T19:29:34","slug":"refraction-palm-75x30","status":"publish","type":"product","link":"https:\/\/tilefly.com\/de\/produkt\/refraction-palm-75x30\/","title":{"rendered":"REFRACTION PALM 7,5X30"},"content":{"rendered":"<h2><strong>REFRAKTIONSPALME 7,5X30<\/strong><\/h2><p>Die <em>Refraction Palm 7,5X30<\/em> ist eine gr\u00fcn gef\u00e4rbte Wandfliese, die Frische und Eleganz in Ihre R\u00e4ume bringt. Mit ihrer gl\u00e4nzenden Oberfl\u00e4che und dem dekorativen Design ist diese wei\u00dfe Fliese perfekt f\u00fcr alle, die einen anspruchsvollen und modernen Stil suchen. <\/p><p>Diese unterirdische Fliese aus der <a href=\"https:\/\/tilefly.com\/producto\/reality\/\">Reality-Serie<\/a> verleiht Ihren W\u00e4nden einen einzigartigen dekorativen Touch.<\/p>","protected":false},"excerpt":{"rendered":"<p>REFRAKTIONSPALME 7,5X30Die Refraction Palm 7,5X30 ist eine gr\u00fcn gef\u00e4rbte Wandfliese, die Frische und Eleganz in Ihre R\u00e4ume bringt. Mit ihrer gl\u00e4nzenden Oberfl\u00e4che und dem dekorativen Design ist diese wei\u00dfe Fliese perfekt f\u00fcr alle, die einen anspruchsvollen und modernen Stil suchen. Diese unterirdische Fliese aus der Reality-Serie verleiht Ihren W\u00e4nden einen einzigartigen dekorativen Touch.<\/p>\n","protected":false},"featured_media":544702,"comment_status":"open","ping_status":"closed","template":"","meta":[],"product_brand":[],"product_cat":[457,458,459],"product_tag":[],"class_list":{"0":"post-545538","1":"product","2":"type-product","3":"status-publish","4":"has-post-thumbnail","6":"product_cat-badezimmer","7":"product_cat-kuchen","8":"product_cat-wandfliesen","10":"first","11":"instock","12":"shipping-taxable","13":"purchasable","14":"product-type-simple"},"_links":{"self":[{"href":"https:\/\/tilefly.com\/de\/wp-json\/wp\/v2\/product\/545538","targetHints":{"allow":["GET"]}}],"collection":[{"href":"https:\/\/tilefly.com\/de\/wp-json\/wp\/v2\/product"}],"about":[{"href":"https:\/\/tilefly.com\/de\/wp-json\/wp\/v2\/types\/product"}],"replies":[{"embeddable":true,"href":"https:\/\/tilefly.com\/de\/wp-json\/wp\/v2\/comments?post=545538"}],"wp:featuredmedia":[{"embeddable":true,"href":"https:\/\/tilefly.com\/de\/wp-json\/wp\/v2\/media\/544702"}],"wp:attachment":[{"href":"https:\/\/tilefly.com\/de\/wp-json\/wp\/v2\/media?parent=545538"}],"wp:term":[{"taxonomy":"product_brand","embeddable":true,"href":"https:\/\/tilefly.com\/de\/wp-json\/wp\/v2\/product_brand?post=545538"},{"taxonomy":"product_cat","embeddable":true,"href":"https:\/\/tilefly.com\/de\/wp-json\/wp\/v2\/product_cat?post=545538"},{"taxonomy":"product_tag","embeddable":true,"href":"https:\/\/tilefly.com\/de\/wp-json\/wp\/v2\/product_tag?post=545538"}],"curies":[{"name":"wp","href":"https:\/\/api.w.org\/{rel}","templated":true}]}}