{"id":545533,"date":"2024-11-14T20:10:06","date_gmt":"2024-11-14T19:10:06","guid":{"rendered":"https:\/\/tilefly.com\/producto\/refraction-river-75x30\/"},"modified":"2024-11-14T20:29:31","modified_gmt":"2024-11-14T19:29:31","slug":"refraction-river-75x30","status":"publish","type":"product","link":"https:\/\/tilefly.com\/de\/produkt\/refraction-river-75x30\/","title":{"rendered":"REFRACTION RIVER 7,5X30"},"content":{"rendered":"<h2><strong>BRECHUNG FLUSS 7,5X30<\/strong><\/h2><p>Die <em>Refraction River 7,5X30<\/em> in Blau ist eine wei\u00dfe Pastenfliese, die Brillanz und ein dekoratives Design mit einzigartigen Effekten kombiniert. Dieses kleinformatige St\u00fcck ist ideal f\u00fcr alle, die sich ein frisches und modernes Ambiente w\u00fcnschen. <\/p><p>Erfahren Sie mehr \u00fcber dieses St\u00fcck aus der <a href=\"https:\/\/tilefly.com\/producto\/reality\/\">Reality Serie<\/a>, einer Kollektion, die jeden Raum zum Leben erweckt.<\/p>","protected":false},"excerpt":{"rendered":"<p>BRECHUNG FLUSS 7,5X30Die Refraction River 7,5X30 in Blau ist eine wei\u00dfe Pastenfliese, die Brillanz und ein dekoratives Design mit einzigartigen Effekten kombiniert. Dieses kleinformatige St\u00fcck ist ideal f\u00fcr alle, die sich ein frisches und modernes Ambiente w\u00fcnschen. Erfahren Sie mehr \u00fcber dieses St\u00fcck aus der Reality Serie, einer Kollektion, die jeden Raum zum Leben erweckt.<\/p>\n","protected":false},"featured_media":544689,"comment_status":"open","ping_status":"closed","template":"","meta":[],"product_brand":[],"product_cat":[457,458,459],"product_tag":[],"class_list":{"0":"post-545533","1":"product","2":"type-product","3":"status-publish","4":"has-post-thumbnail","6":"product_cat-badezimmer","7":"product_cat-kuchen","8":"product_cat-wandfliesen","10":"first","11":"instock","12":"shipping-taxable","13":"purchasable","14":"product-type-simple"},"_links":{"self":[{"href":"https:\/\/tilefly.com\/de\/wp-json\/wp\/v2\/product\/545533","targetHints":{"allow":["GET"]}}],"collection":[{"href":"https:\/\/tilefly.com\/de\/wp-json\/wp\/v2\/product"}],"about":[{"href":"https:\/\/tilefly.com\/de\/wp-json\/wp\/v2\/types\/product"}],"replies":[{"embeddable":true,"href":"https:\/\/tilefly.com\/de\/wp-json\/wp\/v2\/comments?post=545533"}],"wp:featuredmedia":[{"embeddable":true,"href":"https:\/\/tilefly.com\/de\/wp-json\/wp\/v2\/media\/544689"}],"wp:attachment":[{"href":"https:\/\/tilefly.com\/de\/wp-json\/wp\/v2\/media?parent=545533"}],"wp:term":[{"taxonomy":"product_brand","embeddable":true,"href":"https:\/\/tilefly.com\/de\/wp-json\/wp\/v2\/product_brand?post=545533"},{"taxonomy":"product_cat","embeddable":true,"href":"https:\/\/tilefly.com\/de\/wp-json\/wp\/v2\/product_cat?post=545533"},{"taxonomy":"product_tag","embeddable":true,"href":"https:\/\/tilefly.com\/de\/wp-json\/wp\/v2\/product_tag?post=545533"}],"curies":[{"name":"wp","href":"https:\/\/api.w.org\/{rel}","templated":true}]}}