{"id":545532,"date":"2024-11-14T20:05:43","date_gmt":"2024-11-14T19:05:43","guid":{"rendered":"https:\/\/tilefly.com\/producto\/lattice-toasted-rect-30x90\/"},"modified":"2024-11-14T20:29:31","modified_gmt":"2024-11-14T19:29:31","slug":"lattice-toasted-rect-30x90","status":"publish","type":"product","link":"https:\/\/tilefly.com\/de\/produkt\/lattice-toasted-rect-30x90\/","title":{"rendered":"LATTICE TOASTED RECT 30X90"},"content":{"rendered":"<h2><strong>GITTER GETOASTET RECT 30X90<\/strong><\/h2><p><em>Lattice Toasted Rect 30X90<\/em> ist eine beigefarbene Wandfliese, die die glatte Textur einer matten Oberfl\u00e4che mit einem zementartigen Design kombiniert. Diese wei\u00dfe Fliese ist ideal f\u00fcr Innenr\u00e4ume, die eine warme und moderne \u00c4sthetik suchen, und zeichnet sich durch ihre Nat\u00fcrlichkeit aus. <\/p><p>Erfahren Sie mehr \u00fcber dieses und andere Produkte aus der <a href=\"https:\/\/tilefly.com\/producto\/raw\/\">Raw Serie<\/a> und verleihen Sie Ihren R\u00e4umen einen Hauch von Authentizit\u00e4t.<\/p>","protected":false},"excerpt":{"rendered":"<p>GITTER GETOASTET RECT 30X90Lattice Toasted Rect 30X90 ist eine beigefarbene Wandfliese, die die glatte Textur einer matten Oberfl\u00e4che mit einem zementartigen Design kombiniert. Diese wei\u00dfe Fliese ist ideal f\u00fcr Innenr\u00e4ume, die eine warme und moderne \u00c4sthetik suchen, und zeichnet sich durch ihre Nat\u00fcrlichkeit aus. Erfahren Sie mehr \u00fcber dieses und andere Produkte aus der Raw [&hellip;]<\/p>\n","protected":false},"featured_media":544532,"comment_status":"open","ping_status":"closed","template":"","meta":[],"product_brand":[],"product_cat":[457,458,459],"product_tag":[],"class_list":{"0":"post-545532","1":"product","2":"type-product","3":"status-publish","4":"has-post-thumbnail","6":"product_cat-badezimmer","7":"product_cat-kuchen","8":"product_cat-wandfliesen","10":"first","11":"instock","12":"shipping-taxable","13":"purchasable","14":"product-type-simple"},"_links":{"self":[{"href":"https:\/\/tilefly.com\/de\/wp-json\/wp\/v2\/product\/545532","targetHints":{"allow":["GET"]}}],"collection":[{"href":"https:\/\/tilefly.com\/de\/wp-json\/wp\/v2\/product"}],"about":[{"href":"https:\/\/tilefly.com\/de\/wp-json\/wp\/v2\/types\/product"}],"replies":[{"embeddable":true,"href":"https:\/\/tilefly.com\/de\/wp-json\/wp\/v2\/comments?post=545532"}],"wp:featuredmedia":[{"embeddable":true,"href":"https:\/\/tilefly.com\/de\/wp-json\/wp\/v2\/media\/544532"}],"wp:attachment":[{"href":"https:\/\/tilefly.com\/de\/wp-json\/wp\/v2\/media?parent=545532"}],"wp:term":[{"taxonomy":"product_brand","embeddable":true,"href":"https:\/\/tilefly.com\/de\/wp-json\/wp\/v2\/product_brand?post=545532"},{"taxonomy":"product_cat","embeddable":true,"href":"https:\/\/tilefly.com\/de\/wp-json\/wp\/v2\/product_cat?post=545532"},{"taxonomy":"product_tag","embeddable":true,"href":"https:\/\/tilefly.com\/de\/wp-json\/wp\/v2\/product_tag?post=545532"}],"curies":[{"name":"wp","href":"https:\/\/api.w.org\/{rel}","templated":true}]}}