{"id":545530,"date":"2024-11-14T20:05:28","date_gmt":"2024-11-14T19:05:28","guid":{"rendered":"https:\/\/tilefly.com\/producto\/raw-toasted-smooth-rect-60x60\/"},"modified":"2024-11-14T20:29:28","modified_gmt":"2024-11-14T19:29:28","slug":"raw-toasted-smooth-rect-60x60","status":"publish","type":"product","link":"https:\/\/tilefly.com\/de\/produkt\/raw-toasted-smooth-rect-60x60\/","title":{"rendered":"RAW TOASTED SMOOTH RECT 60X60"},"content":{"rendered":"<h2><strong>ROH GER\u00d6STETES GLATTES RECT 60X60<\/strong><\/h2><p>Die <em>Raw Toasted Smooth Rect 60X60<\/em> in Beige bietet eine warme und nat\u00fcrliche \u00c4sthetik f\u00fcr Bodenbel\u00e4ge. Mit ihrer matten Oberfl\u00e4che und der zement\u00e4hnlichen Textur ist dieses Feinsteinzeug perfekt f\u00fcr alle, die ein gem\u00fctliches und elegantes Design suchen. <\/p><p>Entdecken Sie die <a href=\"https:\/\/tilefly.com\/producto\/raw\/\">Raw Serie<\/a> und verwandeln Sie Ihre R\u00e4ume mit einem Stil, der von nat\u00fcrlichen und essentiellen Materialien inspiriert ist.<\/p>","protected":false},"excerpt":{"rendered":"<p>ROH GER\u00d6STETES GLATTES RECT 60X60Die Raw Toasted Smooth Rect 60X60 in Beige bietet eine warme und nat\u00fcrliche \u00c4sthetik f\u00fcr Bodenbel\u00e4ge. Mit ihrer matten Oberfl\u00e4che und der zement\u00e4hnlichen Textur ist dieses Feinsteinzeug perfekt f\u00fcr alle, die ein gem\u00fctliches und elegantes Design suchen. Entdecken Sie die Raw Serie und verwandeln Sie Ihre R\u00e4ume mit einem Stil, der [&hellip;]<\/p>\n","protected":false},"featured_media":544480,"comment_status":"open","ping_status":"closed","template":"","meta":[],"product_brand":[],"product_cat":[457,458,456,459],"product_tag":[],"class_list":{"0":"post-545530","1":"product","2":"type-product","3":"status-publish","4":"has-post-thumbnail","6":"product_cat-badezimmer","7":"product_cat-kuchen","8":"product_cat-vohnzimmer","9":"product_cat-wandfliesen","11":"first","12":"instock","13":"shipping-taxable","14":"purchasable","15":"product-type-simple"},"_links":{"self":[{"href":"https:\/\/tilefly.com\/de\/wp-json\/wp\/v2\/product\/545530","targetHints":{"allow":["GET"]}}],"collection":[{"href":"https:\/\/tilefly.com\/de\/wp-json\/wp\/v2\/product"}],"about":[{"href":"https:\/\/tilefly.com\/de\/wp-json\/wp\/v2\/types\/product"}],"replies":[{"embeddable":true,"href":"https:\/\/tilefly.com\/de\/wp-json\/wp\/v2\/comments?post=545530"}],"wp:featuredmedia":[{"embeddable":true,"href":"https:\/\/tilefly.com\/de\/wp-json\/wp\/v2\/media\/544480"}],"wp:attachment":[{"href":"https:\/\/tilefly.com\/de\/wp-json\/wp\/v2\/media?parent=545530"}],"wp:term":[{"taxonomy":"product_brand","embeddable":true,"href":"https:\/\/tilefly.com\/de\/wp-json\/wp\/v2\/product_brand?post=545530"},{"taxonomy":"product_cat","embeddable":true,"href":"https:\/\/tilefly.com\/de\/wp-json\/wp\/v2\/product_cat?post=545530"},{"taxonomy":"product_tag","embeddable":true,"href":"https:\/\/tilefly.com\/de\/wp-json\/wp\/v2\/product_tag?post=545530"}],"curies":[{"name":"wp","href":"https:\/\/api.w.org\/{rel}","templated":true}]}}