{"id":545526,"date":"2024-11-14T20:05:38","date_gmt":"2024-11-14T19:05:38","guid":{"rendered":"https:\/\/tilefly.com\/producto\/lattice-naive-rect-30x90\/"},"modified":"2024-11-14T20:29:26","modified_gmt":"2024-11-14T19:29:26","slug":"lattice-naive-rect-30x90","status":"publish","type":"product","link":"https:\/\/tilefly.com\/de\/produkt\/lattice-naive-rect-30x90\/","title":{"rendered":"LATTICE NAIVE RECT 30X90"},"content":{"rendered":"<h2><strong>GITTER NAIV REKT 30X90<\/strong><\/h2><p><em>Lattice Naive Rect 30X90<\/em> in Beige ist eine wei\u00dfe, pastellfarbene Wandfliese mit einer matten Oberfl\u00e4che, die eine weiche und nat\u00fcrliche Textur bietet. Dieses St\u00fcck ist ideal f\u00fcr alle, die ihren W\u00e4nden einen Hauch von W\u00e4rme und Gelassenheit verleihen m\u00f6chten. <\/p><p>Als Teil der <a href=\"https:\/\/tilefly.com\/producto\/raw\/\">Raw-Serie<\/a> kombiniert dieses Design Funktionalit\u00e4t und Stil in einem Format, das perfekt f\u00fcr moderne, gem\u00fctliche Innenr\u00e4ume ist.<\/p>","protected":false},"excerpt":{"rendered":"<p>GITTER NAIV REKT 30X90Lattice Naive Rect 30X90 in Beige ist eine wei\u00dfe, pastellfarbene Wandfliese mit einer matten Oberfl\u00e4che, die eine weiche und nat\u00fcrliche Textur bietet. Dieses St\u00fcck ist ideal f\u00fcr alle, die ihren W\u00e4nden einen Hauch von W\u00e4rme und Gelassenheit verleihen m\u00f6chten. Als Teil der Raw-Serie kombiniert dieses Design Funktionalit\u00e4t und Stil in einem Format, [&hellip;]<\/p>\n","protected":false},"featured_media":544508,"comment_status":"open","ping_status":"closed","template":"","meta":[],"product_brand":[],"product_cat":[457,458,459],"product_tag":[],"class_list":{"0":"post-545526","1":"product","2":"type-product","3":"status-publish","4":"has-post-thumbnail","6":"product_cat-badezimmer","7":"product_cat-kuchen","8":"product_cat-wandfliesen","10":"first","11":"instock","12":"shipping-taxable","13":"purchasable","14":"product-type-simple"},"_links":{"self":[{"href":"https:\/\/tilefly.com\/de\/wp-json\/wp\/v2\/product\/545526","targetHints":{"allow":["GET"]}}],"collection":[{"href":"https:\/\/tilefly.com\/de\/wp-json\/wp\/v2\/product"}],"about":[{"href":"https:\/\/tilefly.com\/de\/wp-json\/wp\/v2\/types\/product"}],"replies":[{"embeddable":true,"href":"https:\/\/tilefly.com\/de\/wp-json\/wp\/v2\/comments?post=545526"}],"wp:featuredmedia":[{"embeddable":true,"href":"https:\/\/tilefly.com\/de\/wp-json\/wp\/v2\/media\/544508"}],"wp:attachment":[{"href":"https:\/\/tilefly.com\/de\/wp-json\/wp\/v2\/media?parent=545526"}],"wp:term":[{"taxonomy":"product_brand","embeddable":true,"href":"https:\/\/tilefly.com\/de\/wp-json\/wp\/v2\/product_brand?post=545526"},{"taxonomy":"product_cat","embeddable":true,"href":"https:\/\/tilefly.com\/de\/wp-json\/wp\/v2\/product_cat?post=545526"},{"taxonomy":"product_tag","embeddable":true,"href":"https:\/\/tilefly.com\/de\/wp-json\/wp\/v2\/product_tag?post=545526"}],"curies":[{"name":"wp","href":"https:\/\/api.w.org\/{rel}","templated":true}]}}