{"id":545525,"date":"2024-11-14T20:05:20","date_gmt":"2024-11-14T19:05:20","guid":{"rendered":"https:\/\/tilefly.com\/producto\/raw-cotton-smooth-rect-60x60\/"},"modified":"2024-11-14T20:29:25","modified_gmt":"2024-11-14T19:29:25","slug":"raw-cotton-smooth-rect-60x60","status":"publish","type":"product","link":"https:\/\/tilefly.com\/de\/produkt\/raw-cotton-smooth-rect-60x60\/","title":{"rendered":"RAW COTTON SMOOTH RECT 60X60"},"content":{"rendered":"<h2><strong>ROHBAUMWOLLE GLATT REKT 60X60<\/strong><\/h2><p><em>Raw Cotton Smooth Rect 60X60<\/em> in Grau ist eine Feinsteinzeugfliese, die eine matte Oberfl\u00e4che und ein Design in Zementimitation kombiniert. Dieses St\u00fcck ist ideal f\u00fcr alle, die eine schlichte und elegante Atmosph\u00e4re mit einem Hauch von Modernit\u00e4t und Nat\u00fcrlichkeit schaffen m\u00f6chten. <\/p><p>Erfahren Sie mehr \u00fcber dieses Design und andere aus der <a href=\"https:\/\/tilefly.com\/producto\/raw\/\">Raw Series<\/a>, einer Kollektion, die sich auf wesentliche Materialien konzentriert.<\/p>","protected":false},"excerpt":{"rendered":"<p>ROHBAUMWOLLE GLATT REKT 60X60Raw Cotton Smooth Rect 60X60 in Grau ist eine Feinsteinzeugfliese, die eine matte Oberfl\u00e4che und ein Design in Zementimitation kombiniert. Dieses St\u00fcck ist ideal f\u00fcr alle, die eine schlichte und elegante Atmosph\u00e4re mit einem Hauch von Modernit\u00e4t und Nat\u00fcrlichkeit schaffen m\u00f6chten. Erfahren Sie mehr \u00fcber dieses Design und andere aus der Raw [&hellip;]<\/p>\n","protected":false},"featured_media":544454,"comment_status":"open","ping_status":"closed","template":"","meta":[],"product_brand":[],"product_cat":[457,458,456,459],"product_tag":[],"class_list":{"0":"post-545525","1":"product","2":"type-product","3":"status-publish","4":"has-post-thumbnail","6":"product_cat-badezimmer","7":"product_cat-kuchen","8":"product_cat-vohnzimmer","9":"product_cat-wandfliesen","11":"first","12":"instock","13":"shipping-taxable","14":"purchasable","15":"product-type-simple"},"_links":{"self":[{"href":"https:\/\/tilefly.com\/de\/wp-json\/wp\/v2\/product\/545525","targetHints":{"allow":["GET"]}}],"collection":[{"href":"https:\/\/tilefly.com\/de\/wp-json\/wp\/v2\/product"}],"about":[{"href":"https:\/\/tilefly.com\/de\/wp-json\/wp\/v2\/types\/product"}],"replies":[{"embeddable":true,"href":"https:\/\/tilefly.com\/de\/wp-json\/wp\/v2\/comments?post=545525"}],"wp:featuredmedia":[{"embeddable":true,"href":"https:\/\/tilefly.com\/de\/wp-json\/wp\/v2\/media\/544454"}],"wp:attachment":[{"href":"https:\/\/tilefly.com\/de\/wp-json\/wp\/v2\/media?parent=545525"}],"wp:term":[{"taxonomy":"product_brand","embeddable":true,"href":"https:\/\/tilefly.com\/de\/wp-json\/wp\/v2\/product_brand?post=545525"},{"taxonomy":"product_cat","embeddable":true,"href":"https:\/\/tilefly.com\/de\/wp-json\/wp\/v2\/product_cat?post=545525"},{"taxonomy":"product_tag","embeddable":true,"href":"https:\/\/tilefly.com\/de\/wp-json\/wp\/v2\/product_tag?post=545525"}],"curies":[{"name":"wp","href":"https:\/\/api.w.org\/{rel}","templated":true}]}}