{"id":545516,"date":"2024-11-14T20:04:58","date_gmt":"2024-11-14T19:04:58","guid":{"rendered":"https:\/\/tilefly.com\/producto\/polan-mix-toasted-rect-30x90\/"},"modified":"2024-11-14T20:29:19","modified_gmt":"2024-11-14T19:29:19","slug":"polan-mix-toasted-rect-30x90","status":"publish","type":"product","link":"https:\/\/tilefly.com\/de\/produkt\/polan-mix-toasted-rect-30x90\/","title":{"rendered":"POLAN MIX TOASTED RECT 30X90"},"content":{"rendered":"<h2><strong>POLAN MIX GER\u00d6STETES RECT 30X90<\/strong><\/h2><p><em>Polan Mix Toasted Rect 30X90<\/em> bietet ein florales Dekor in verschiedenen Farbt\u00f6nen, das an die Frische der Natur erinnert. Diese wei\u00dfscherbige Wandfliese mit matter Oberfl\u00e4che und zementartiger Textur ist perfekt f\u00fcr alle, die ein Design suchen, das W\u00e4rme und Stil vereint. <\/p><p>Erfahren Sie mehr \u00fcber diese und andere Optionen aus der <a href=\"https:\/\/tilefly.com\/producto\/raw\/\">Raw Serie<\/a> und bringen Sie die Sch\u00f6nheit von Blumengrafiken in Ihre R\u00e4ume.<\/p>","protected":false},"excerpt":{"rendered":"<p>POLAN MIX GER\u00d6STETES RECT 30X90Polan Mix Toasted Rect 30X90 bietet ein florales Dekor in verschiedenen Farbt\u00f6nen, das an die Frische der Natur erinnert. Diese wei\u00dfscherbige Wandfliese mit matter Oberfl\u00e4che und zementartiger Textur ist perfekt f\u00fcr alle, die ein Design suchen, das W\u00e4rme und Stil vereint. Erfahren Sie mehr \u00fcber diese und andere Optionen aus der [&hellip;]<\/p>\n","protected":false},"featured_media":544428,"comment_status":"open","ping_status":"closed","template":"","meta":[],"product_brand":[],"product_cat":[457,458,459],"product_tag":[],"class_list":{"0":"post-545516","1":"product","2":"type-product","3":"status-publish","4":"has-post-thumbnail","6":"product_cat-badezimmer","7":"product_cat-kuchen","8":"product_cat-wandfliesen","10":"first","11":"instock","12":"shipping-taxable","13":"purchasable","14":"product-type-simple"},"_links":{"self":[{"href":"https:\/\/tilefly.com\/de\/wp-json\/wp\/v2\/product\/545516","targetHints":{"allow":["GET"]}}],"collection":[{"href":"https:\/\/tilefly.com\/de\/wp-json\/wp\/v2\/product"}],"about":[{"href":"https:\/\/tilefly.com\/de\/wp-json\/wp\/v2\/types\/product"}],"replies":[{"embeddable":true,"href":"https:\/\/tilefly.com\/de\/wp-json\/wp\/v2\/comments?post=545516"}],"wp:featuredmedia":[{"embeddable":true,"href":"https:\/\/tilefly.com\/de\/wp-json\/wp\/v2\/media\/544428"}],"wp:attachment":[{"href":"https:\/\/tilefly.com\/de\/wp-json\/wp\/v2\/media?parent=545516"}],"wp:term":[{"taxonomy":"product_brand","embeddable":true,"href":"https:\/\/tilefly.com\/de\/wp-json\/wp\/v2\/product_brand?post=545516"},{"taxonomy":"product_cat","embeddable":true,"href":"https:\/\/tilefly.com\/de\/wp-json\/wp\/v2\/product_cat?post=545516"},{"taxonomy":"product_tag","embeddable":true,"href":"https:\/\/tilefly.com\/de\/wp-json\/wp\/v2\/product_tag?post=545516"}],"curies":[{"name":"wp","href":"https:\/\/api.w.org\/{rel}","templated":true}]}}