{"id":545500,"date":"2024-11-14T20:04:33","date_gmt":"2024-11-14T19:04:33","guid":{"rendered":"https:\/\/tilefly.com\/producto\/raw-cotton-rect-30x90\/"},"modified":"2024-11-14T20:29:06","modified_gmt":"2024-11-14T19:29:06","slug":"raw-cotton-rect-30x90","status":"publish","type":"product","link":"https:\/\/tilefly.com\/de\/produkt\/raw-cotton-rect-30x90\/","title":{"rendered":"RAW COTTON RECT 30X90"},"content":{"rendered":"<h2><strong>ROHBAUMWOLLE REKT 30X90<\/strong><\/h2><p><em>Raw Cotton Rect 30X90<\/em> ist eine grau get\u00f6nte Wandfliese, die Eleganz und Modernit\u00e4t ausstrahlt. Ihre matte Oberfl\u00e4che und die Zementimitation in wei\u00dfem Kleister machen sie ideal f\u00fcr minimalistische und zeitgen\u00f6ssische R\u00e4ume, in denen Nat\u00fcrlichkeit im Vordergrund steht. <\/p><p>Dieses St\u00fcck ist Teil der <a href=\"https:\/\/tilefly.com\/producto\/raw\/\">Raw Series<\/a>, einer Kollektion, die sich auf Design konzentriert, das von essentiellen und zeitlosen Materialien inspiriert ist.<\/p>","protected":false},"excerpt":{"rendered":"<p>ROHBAUMWOLLE REKT 30X90Raw Cotton Rect 30X90 ist eine grau get\u00f6nte Wandfliese, die Eleganz und Modernit\u00e4t ausstrahlt. Ihre matte Oberfl\u00e4che und die Zementimitation in wei\u00dfem Kleister machen sie ideal f\u00fcr minimalistische und zeitgen\u00f6ssische R\u00e4ume, in denen Nat\u00fcrlichkeit im Vordergrund steht. Dieses St\u00fcck ist Teil der Raw Series, einer Kollektion, die sich auf Design konzentriert, das von [&hellip;]<\/p>\n","protected":false},"featured_media":544350,"comment_status":"open","ping_status":"closed","template":"","meta":[],"product_brand":[],"product_cat":[457,458,459],"product_tag":[],"class_list":{"0":"post-545500","1":"product","2":"type-product","3":"status-publish","4":"has-post-thumbnail","6":"product_cat-badezimmer","7":"product_cat-kuchen","8":"product_cat-wandfliesen","10":"first","11":"instock","12":"shipping-taxable","13":"purchasable","14":"product-type-simple"},"_links":{"self":[{"href":"https:\/\/tilefly.com\/de\/wp-json\/wp\/v2\/product\/545500","targetHints":{"allow":["GET"]}}],"collection":[{"href":"https:\/\/tilefly.com\/de\/wp-json\/wp\/v2\/product"}],"about":[{"href":"https:\/\/tilefly.com\/de\/wp-json\/wp\/v2\/types\/product"}],"replies":[{"embeddable":true,"href":"https:\/\/tilefly.com\/de\/wp-json\/wp\/v2\/comments?post=545500"}],"wp:featuredmedia":[{"embeddable":true,"href":"https:\/\/tilefly.com\/de\/wp-json\/wp\/v2\/media\/544350"}],"wp:attachment":[{"href":"https:\/\/tilefly.com\/de\/wp-json\/wp\/v2\/media?parent=545500"}],"wp:term":[{"taxonomy":"product_brand","embeddable":true,"href":"https:\/\/tilefly.com\/de\/wp-json\/wp\/v2\/product_brand?post=545500"},{"taxonomy":"product_cat","embeddable":true,"href":"https:\/\/tilefly.com\/de\/wp-json\/wp\/v2\/product_cat?post=545500"},{"taxonomy":"product_tag","embeddable":true,"href":"https:\/\/tilefly.com\/de\/wp-json\/wp\/v2\/product_tag?post=545500"}],"curies":[{"name":"wp","href":"https:\/\/api.w.org\/{rel}","templated":true}]}}