{"id":545494,"date":"2024-11-14T20:04:30","date_gmt":"2024-11-14T19:04:30","guid":{"rendered":"https:\/\/tilefly.com\/producto\/raw-naive-rect-30x90\/"},"modified":"2024-11-14T20:29:04","modified_gmt":"2024-11-14T19:29:04","slug":"raw-naive-rect-30x90","status":"publish","type":"product","link":"https:\/\/tilefly.com\/de\/produkt\/raw-naive-rect-30x90\/","title":{"rendered":"RAW NAIVE RECT 30X90"},"content":{"rendered":"<h2><strong>ROH NAIV REKT 30X90<\/strong><\/h2><p><em>Raw Naive Rect 30X90<\/em> in Grau ist eine wei\u00dfe, pastellfarbene Wandfliese, die den W\u00e4nden einen nat\u00fcrlichen und ruhigen Stil verleiht. Mit ihrer matten Oberfl\u00e4che und der zement\u00e4hnlichen Textur ist diese Fliese ideal, um ein gem\u00fctliches und elegantes Ambiente in modernen Innenr\u00e4umen zu schaffen. <\/p><p>Als Teil der <a href=\"https:\/\/tilefly.com\/producto\/raw\/\">Raw Series<\/a> ist diese Option perfekt f\u00fcr diejenigen, die ein Design suchen, das die Essenz nat\u00fcrlicher Materialien und eines anspruchsvollen Stils widerspiegelt.<\/p>","protected":false},"excerpt":{"rendered":"<p>ROH NAIV REKT 30X90Raw Naive Rect 30X90 in Grau ist eine wei\u00dfe, pastellfarbene Wandfliese, die den W\u00e4nden einen nat\u00fcrlichen und ruhigen Stil verleiht. Mit ihrer matten Oberfl\u00e4che und der zement\u00e4hnlichen Textur ist diese Fliese ideal, um ein gem\u00fctliches und elegantes Ambiente in modernen Innenr\u00e4umen zu schaffen. Als Teil der Raw Series ist diese Option perfekt [&hellip;]<\/p>\n","protected":false},"featured_media":544337,"comment_status":"open","ping_status":"closed","template":"","meta":[],"product_brand":[],"product_cat":[457,458,459],"product_tag":[],"class_list":{"0":"post-545494","1":"product","2":"type-product","3":"status-publish","4":"has-post-thumbnail","6":"product_cat-badezimmer","7":"product_cat-kuchen","8":"product_cat-wandfliesen","10":"first","11":"instock","12":"shipping-taxable","13":"purchasable","14":"product-type-simple"},"_links":{"self":[{"href":"https:\/\/tilefly.com\/de\/wp-json\/wp\/v2\/product\/545494","targetHints":{"allow":["GET"]}}],"collection":[{"href":"https:\/\/tilefly.com\/de\/wp-json\/wp\/v2\/product"}],"about":[{"href":"https:\/\/tilefly.com\/de\/wp-json\/wp\/v2\/types\/product"}],"replies":[{"embeddable":true,"href":"https:\/\/tilefly.com\/de\/wp-json\/wp\/v2\/comments?post=545494"}],"wp:featuredmedia":[{"embeddable":true,"href":"https:\/\/tilefly.com\/de\/wp-json\/wp\/v2\/media\/544337"}],"wp:attachment":[{"href":"https:\/\/tilefly.com\/de\/wp-json\/wp\/v2\/media?parent=545494"}],"wp:term":[{"taxonomy":"product_brand","embeddable":true,"href":"https:\/\/tilefly.com\/de\/wp-json\/wp\/v2\/product_brand?post=545494"},{"taxonomy":"product_cat","embeddable":true,"href":"https:\/\/tilefly.com\/de\/wp-json\/wp\/v2\/product_cat?post=545494"},{"taxonomy":"product_tag","embeddable":true,"href":"https:\/\/tilefly.com\/de\/wp-json\/wp\/v2\/product_tag?post=545494"}],"curies":[{"name":"wp","href":"https:\/\/api.w.org\/{rel}","templated":true}]}}