{"id":545487,"date":"2024-11-14T20:04:20","date_gmt":"2024-11-14T19:04:20","guid":{"rendered":"https:\/\/tilefly.com\/producto\/raw-cement-smooth-rect-120x120\/"},"modified":"2024-11-14T20:28:55","modified_gmt":"2024-11-14T19:28:55","slug":"raw-cement-smooth-rect-120x120","status":"publish","type":"product","link":"https:\/\/tilefly.com\/de\/produkt\/raw-cement-smooth-rect-120x120\/","title":{"rendered":"RAW CEMENT SMOOTH RECT 120X120"},"content":{"rendered":"<h2><strong>ROHZEMENT GLATT REKT 120X120<\/strong><\/h2><p><em>Raw Cement Smooth Rect 120X120<\/em> in Grau ist eine gro\u00dfformatige Fliese aus Feinsteinzeug, die Zement mit einer raffinierten matten Oberfl\u00e4che imitiert. Diese Fliese passt hervorragend in moderne und minimalistische R\u00e4ume und bietet eine n\u00fcchterne und dauerhafte \u00c4sthetik. <\/p><p>Als Teil der <a href=\"https:\/\/tilefly.com\/producto\/raw\/\">Raw Series<\/a> verwandelt diese Keramik die Umgebung mit einem Hauch von Nat\u00fcrlichkeit und Eleganz.<\/p>","protected":false},"excerpt":{"rendered":"<p>ROHZEMENT GLATT REKT 120X120Raw Cement Smooth Rect 120X120 in Grau ist eine gro\u00dfformatige Fliese aus Feinsteinzeug, die Zement mit einer raffinierten matten Oberfl\u00e4che imitiert. Diese Fliese passt hervorragend in moderne und minimalistische R\u00e4ume und bietet eine n\u00fcchterne und dauerhafte \u00c4sthetik. Als Teil der Raw Series verwandelt diese Keramik die Umgebung mit einem Hauch von Nat\u00fcrlichkeit [&hellip;]<\/p>\n","protected":false},"featured_media":544298,"comment_status":"open","ping_status":"closed","template":"","meta":[],"product_brand":[],"product_cat":[457,458,456,459],"product_tag":[],"class_list":{"0":"post-545487","1":"product","2":"type-product","3":"status-publish","4":"has-post-thumbnail","6":"product_cat-badezimmer","7":"product_cat-kuchen","8":"product_cat-vohnzimmer","9":"product_cat-wandfliesen","11":"first","12":"outofstock","13":"shipping-taxable","14":"purchasable","15":"product-type-simple"},"_links":{"self":[{"href":"https:\/\/tilefly.com\/de\/wp-json\/wp\/v2\/product\/545487","targetHints":{"allow":["GET"]}}],"collection":[{"href":"https:\/\/tilefly.com\/de\/wp-json\/wp\/v2\/product"}],"about":[{"href":"https:\/\/tilefly.com\/de\/wp-json\/wp\/v2\/types\/product"}],"replies":[{"embeddable":true,"href":"https:\/\/tilefly.com\/de\/wp-json\/wp\/v2\/comments?post=545487"}],"wp:featuredmedia":[{"embeddable":true,"href":"https:\/\/tilefly.com\/de\/wp-json\/wp\/v2\/media\/544298"}],"wp:attachment":[{"href":"https:\/\/tilefly.com\/de\/wp-json\/wp\/v2\/media?parent=545487"}],"wp:term":[{"taxonomy":"product_brand","embeddable":true,"href":"https:\/\/tilefly.com\/de\/wp-json\/wp\/v2\/product_brand?post=545487"},{"taxonomy":"product_cat","embeddable":true,"href":"https:\/\/tilefly.com\/de\/wp-json\/wp\/v2\/product_cat?post=545487"},{"taxonomy":"product_tag","embeddable":true,"href":"https:\/\/tilefly.com\/de\/wp-json\/wp\/v2\/product_tag?post=545487"}],"curies":[{"name":"wp","href":"https:\/\/api.w.org\/{rel}","templated":true}]}}