{"id":545484,"date":"2024-11-14T20:04:10","date_gmt":"2024-11-14T19:04:10","guid":{"rendered":"https:\/\/tilefly.com\/producto\/raw-cotton-smooth-rect-120x120\/"},"modified":"2024-11-14T20:28:54","modified_gmt":"2024-11-14T19:28:54","slug":"raw-cotton-smooth-rect-120x120","status":"publish","type":"product","link":"https:\/\/tilefly.com\/de\/produkt\/raw-cotton-smooth-rect-120x120\/","title":{"rendered":"RAW COTTON SMOOTH RECT 120X120"},"content":{"rendered":"<h2><strong>ROHBAUMWOLLE GLATT REKT 120X120<\/strong><\/h2><p><em>Raw Cotton Smooth Rect 120X120<\/em> ist eine Feinsteinzeugfliese in einem Grauton mit matter Oberfl\u00e4che, ideal f\u00fcr alle, die ein elegantes und nat\u00fcrliches Design suchen. Ihre Textur in Zementimitation ist perfekt f\u00fcr R\u00e4ume, die Modernit\u00e4t und N\u00fcchternheit widerspiegeln sollen. <\/p><p>Als Teil der <a href=\"https:\/\/tilefly.com\/producto\/raw\/\">Raw-Serie<\/a> erweitert dieser gro\u00dfformatige Bodenbelag visuell R\u00e4ume und verwandelt sie in eine Oase des Stils und der Ruhe.<\/p>","protected":false},"excerpt":{"rendered":"<p>ROHBAUMWOLLE GLATT REKT 120X120Raw Cotton Smooth Rect 120X120 ist eine Feinsteinzeugfliese in einem Grauton mit matter Oberfl\u00e4che, ideal f\u00fcr alle, die ein elegantes und nat\u00fcrliches Design suchen. Ihre Textur in Zementimitation ist perfekt f\u00fcr R\u00e4ume, die Modernit\u00e4t und N\u00fcchternheit widerspiegeln sollen. Als Teil der Raw-Serie erweitert dieser gro\u00dfformatige Bodenbelag visuell R\u00e4ume und verwandelt sie in [&hellip;]<\/p>\n","protected":false},"featured_media":544272,"comment_status":"open","ping_status":"closed","template":"","meta":[],"product_brand":[],"product_cat":[457,458,456,459],"product_tag":[],"class_list":{"0":"post-545484","1":"product","2":"type-product","3":"status-publish","4":"has-post-thumbnail","6":"product_cat-badezimmer","7":"product_cat-kuchen","8":"product_cat-vohnzimmer","9":"product_cat-wandfliesen","11":"first","12":"outofstock","13":"shipping-taxable","14":"purchasable","15":"product-type-simple"},"_links":{"self":[{"href":"https:\/\/tilefly.com\/de\/wp-json\/wp\/v2\/product\/545484","targetHints":{"allow":["GET"]}}],"collection":[{"href":"https:\/\/tilefly.com\/de\/wp-json\/wp\/v2\/product"}],"about":[{"href":"https:\/\/tilefly.com\/de\/wp-json\/wp\/v2\/types\/product"}],"replies":[{"embeddable":true,"href":"https:\/\/tilefly.com\/de\/wp-json\/wp\/v2\/comments?post=545484"}],"wp:featuredmedia":[{"embeddable":true,"href":"https:\/\/tilefly.com\/de\/wp-json\/wp\/v2\/media\/544272"}],"wp:attachment":[{"href":"https:\/\/tilefly.com\/de\/wp-json\/wp\/v2\/media?parent=545484"}],"wp:term":[{"taxonomy":"product_brand","embeddable":true,"href":"https:\/\/tilefly.com\/de\/wp-json\/wp\/v2\/product_brand?post=545484"},{"taxonomy":"product_cat","embeddable":true,"href":"https:\/\/tilefly.com\/de\/wp-json\/wp\/v2\/product_cat?post=545484"},{"taxonomy":"product_tag","embeddable":true,"href":"https:\/\/tilefly.com\/de\/wp-json\/wp\/v2\/product_tag?post=545484"}],"curies":[{"name":"wp","href":"https:\/\/api.w.org\/{rel}","templated":true}]}}