{"id":545476,"date":"2024-11-14T20:04:02","date_gmt":"2024-11-14T19:04:02","guid":{"rendered":"https:\/\/tilefly.com\/producto\/raw-toasted-smooth-rect-60x120\/"},"modified":"2024-11-14T20:28:48","modified_gmt":"2024-11-14T19:28:48","slug":"raw-toasted-smooth-rect-60x120","status":"publish","type":"product","link":"https:\/\/tilefly.com\/de\/produkt\/raw-toasted-smooth-rect-60x120\/","title":{"rendered":"RAW TOASTED SMOOTH RECT 60X120"},"content":{"rendered":"<h2><strong>ROH GER\u00d6STETES GLATTES RECT 60X120<\/strong><\/h2><p>Die Bodenfliese <em>Raw Toasted Smooth Rect 60X120<\/em> in Beige bietet eine warme und einladende Option f\u00fcr jede Umgebung. Mit ihrer matten Oberfl\u00e4che und ihrem zement\u00e4hnlichen Stil ist dieses Feinsteinzeug ideal f\u00fcr alle, die eine Balance zwischen Nat\u00fcrlichkeit und Moderne suchen. <\/p><p>Inspiriert von der Natur, bietet <em>Raw Toasted<\/em> eine neutrale und raffinierte Basis, die eine Vielzahl von Einrichtungsstilen erg\u00e4nzt. Entdecken Sie mehr von dieser Linie in der <a href=\"https:\/\/tilefly.com\/producto\/raw\/\">Raw Serie<\/a> und schaffen Sie einzigartige R\u00e4ume mit Materialien, die das Wesentliche ehren. <\/p>","protected":false},"excerpt":{"rendered":"<p>ROH GER\u00d6STETES GLATTES RECT 60X120Die Bodenfliese Raw Toasted Smooth Rect 60X120 in Beige bietet eine warme und einladende Option f\u00fcr jede Umgebung. Mit ihrer matten Oberfl\u00e4che und ihrem zement\u00e4hnlichen Stil ist dieses Feinsteinzeug ideal f\u00fcr alle, die eine Balance zwischen Nat\u00fcrlichkeit und Moderne suchen. Inspiriert von der Natur, bietet Raw Toasted eine neutrale und raffinierte [&hellip;]<\/p>\n","protected":false},"featured_media":544233,"comment_status":"open","ping_status":"closed","template":"","meta":[],"product_brand":[],"product_cat":[457,458,456,459],"product_tag":[],"class_list":{"0":"post-545476","1":"product","2":"type-product","3":"status-publish","4":"has-post-thumbnail","6":"product_cat-badezimmer","7":"product_cat-kuchen","8":"product_cat-vohnzimmer","9":"product_cat-wandfliesen","11":"first","12":"instock","13":"shipping-taxable","14":"purchasable","15":"product-type-simple"},"_links":{"self":[{"href":"https:\/\/tilefly.com\/de\/wp-json\/wp\/v2\/product\/545476","targetHints":{"allow":["GET"]}}],"collection":[{"href":"https:\/\/tilefly.com\/de\/wp-json\/wp\/v2\/product"}],"about":[{"href":"https:\/\/tilefly.com\/de\/wp-json\/wp\/v2\/types\/product"}],"replies":[{"embeddable":true,"href":"https:\/\/tilefly.com\/de\/wp-json\/wp\/v2\/comments?post=545476"}],"wp:featuredmedia":[{"embeddable":true,"href":"https:\/\/tilefly.com\/de\/wp-json\/wp\/v2\/media\/544233"}],"wp:attachment":[{"href":"https:\/\/tilefly.com\/de\/wp-json\/wp\/v2\/media?parent=545476"}],"wp:term":[{"taxonomy":"product_brand","embeddable":true,"href":"https:\/\/tilefly.com\/de\/wp-json\/wp\/v2\/product_brand?post=545476"},{"taxonomy":"product_cat","embeddable":true,"href":"https:\/\/tilefly.com\/de\/wp-json\/wp\/v2\/product_cat?post=545476"},{"taxonomy":"product_tag","embeddable":true,"href":"https:\/\/tilefly.com\/de\/wp-json\/wp\/v2\/product_tag?post=545476"}],"curies":[{"name":"wp","href":"https:\/\/api.w.org\/{rel}","templated":true}]}}