{"id":545463,"date":"2024-11-14T20:03:47","date_gmt":"2024-11-14T19:03:47","guid":{"rendered":"https:\/\/tilefly.com\/producto\/raw-naive-smooth-rect-60x120\/"},"modified":"2024-11-14T20:28:39","modified_gmt":"2024-11-14T19:28:39","slug":"raw-naive-smooth-rect-60x120","status":"publish","type":"product","link":"https:\/\/tilefly.com\/de\/produkt\/raw-naive-smooth-rect-60x120\/","title":{"rendered":"RAW NAIVE SMOOTH RECT 60X120"},"content":{"rendered":"<h2><strong>ROH NAIV GLATT REKT 60X120<\/strong><\/h2><p><em>Raw Naive Smooth Rect 60X120<\/em> in Beige ist eine Feinsteinzeugfliese, die sich durch ihre matte Oberfl\u00e4che und die elegante Zementimitation auszeichnet. Dieses St\u00fcck erinnert an die Einfachheit nat\u00fcrlicher Materialien und schafft eine warme und einladende Atmosph\u00e4re. Ideal f\u00fcr alle, die eine minimalistische und zeitlose Dekoration suchen. Das Design bewahrt die Essenz des Rustikalen mit einem modernen Touch.  <\/p><p>Inspiriert vom Raw-Trend, verwandelt dieser Bodenbelag jeden Raum und verleiht ihm Struktur und Gelassenheit. Entdecken Sie weitere Optionen der <a href=\"https:\/\/tilefly.com\/producto\/raw\/\">Raw-Serie<\/a> und bringen Sie die Natur in Ihre R\u00e4ume. <\/p>","protected":false},"excerpt":{"rendered":"<p>ROH NAIV GLATT REKT 60X120Raw Naive Smooth Rect 60X120 in Beige ist eine Feinsteinzeugfliese, die sich durch ihre matte Oberfl\u00e4che und die elegante Zementimitation auszeichnet. Dieses St\u00fcck erinnert an die Einfachheit nat\u00fcrlicher Materialien und schafft eine warme und einladende Atmosph\u00e4re. Ideal f\u00fcr alle, die eine minimalistische und zeitlose Dekoration suchen. Das Design bewahrt die Essenz [&hellip;]<\/p>\n","protected":false},"featured_media":544181,"comment_status":"open","ping_status":"closed","template":"","meta":[],"product_brand":[],"product_cat":[457,458,456,459],"product_tag":[],"class_list":{"0":"post-545463","1":"product","2":"type-product","3":"status-publish","4":"has-post-thumbnail","6":"product_cat-badezimmer","7":"product_cat-kuchen","8":"product_cat-vohnzimmer","9":"product_cat-wandfliesen","11":"first","12":"instock","13":"shipping-taxable","14":"purchasable","15":"product-type-simple"},"_links":{"self":[{"href":"https:\/\/tilefly.com\/de\/wp-json\/wp\/v2\/product\/545463","targetHints":{"allow":["GET"]}}],"collection":[{"href":"https:\/\/tilefly.com\/de\/wp-json\/wp\/v2\/product"}],"about":[{"href":"https:\/\/tilefly.com\/de\/wp-json\/wp\/v2\/types\/product"}],"replies":[{"embeddable":true,"href":"https:\/\/tilefly.com\/de\/wp-json\/wp\/v2\/comments?post=545463"}],"wp:featuredmedia":[{"embeddable":true,"href":"https:\/\/tilefly.com\/de\/wp-json\/wp\/v2\/media\/544181"}],"wp:attachment":[{"href":"https:\/\/tilefly.com\/de\/wp-json\/wp\/v2\/media?parent=545463"}],"wp:term":[{"taxonomy":"product_brand","embeddable":true,"href":"https:\/\/tilefly.com\/de\/wp-json\/wp\/v2\/product_brand?post=545463"},{"taxonomy":"product_cat","embeddable":true,"href":"https:\/\/tilefly.com\/de\/wp-json\/wp\/v2\/product_cat?post=545463"},{"taxonomy":"product_tag","embeddable":true,"href":"https:\/\/tilefly.com\/de\/wp-json\/wp\/v2\/product_tag?post=545463"}],"curies":[{"name":"wp","href":"https:\/\/api.w.org\/{rel}","templated":true}]}}