{"id":545457,"date":"2024-11-14T20:01:32","date_gmt":"2024-11-14T19:01:32","guid":{"rendered":"https:\/\/tilefly.com\/producto\/rambla-taupe-60x60\/"},"modified":"2024-11-14T20:28:34","modified_gmt":"2024-11-14T19:28:34","slug":"rambla-taupe-60x60","status":"publish","type":"product","link":"https:\/\/tilefly.com\/de\/produkt\/rambla-taupe-60x60\/","title":{"rendered":"RAMBLA TAUPE 60X60"},"content":{"rendered":"<h2><strong>RAMBLA TAUPE 60X60<\/strong><\/h2><p>Die <em>Rambla Taupe 60X60<\/em> aus Feinsteinzeug ist eine Bodenfliese, die dank ihres Brauntons und ihrer matten Oberfl\u00e4che W\u00e4rme und Komfort bietet. Diese Fliese aus Zementimitat ist ideal f\u00fcr alle, die sich einen gem\u00fctlichen und stilvollen Raum w\u00fcnschen, und f\u00e4ngt die Essenz des urbanen Designs ein. <\/p><p>Inspiriert von der Sch\u00f6nheit und Authentizit\u00e4t der Stra\u00dfen Barcelonas, verwandelt <em>Rambla Taupe<\/em> jede Umgebung in einen einzigartigen Raum. Entdecken Sie mehr von dieser und anderen Optionen aus der <a href=\"https:\/\/tilefly.com\/producto\/rambla\/\">Rambla-Serie<\/a>. <\/p>","protected":false},"excerpt":{"rendered":"<p>RAMBLA TAUPE 60X60Die Rambla Taupe 60X60 aus Feinsteinzeug ist eine Bodenfliese, die dank ihres Brauntons und ihrer matten Oberfl\u00e4che W\u00e4rme und Komfort bietet. Diese Fliese aus Zementimitat ist ideal f\u00fcr alle, die sich einen gem\u00fctlichen und stilvollen Raum w\u00fcnschen, und f\u00e4ngt die Essenz des urbanen Designs ein. Inspiriert von der Sch\u00f6nheit und Authentizit\u00e4t der Stra\u00dfen [&hellip;]<\/p>\n","protected":false},"featured_media":544167,"comment_status":"open","ping_status":"closed","template":"","meta":[],"product_brand":[],"product_cat":[457,458,456,459],"product_tag":[],"class_list":{"0":"post-545457","1":"product","2":"type-product","3":"status-publish","4":"has-post-thumbnail","6":"product_cat-badezimmer","7":"product_cat-kuchen","8":"product_cat-vohnzimmer","9":"product_cat-wandfliesen","11":"first","12":"instock","13":"shipping-taxable","14":"purchasable","15":"product-type-simple"},"_links":{"self":[{"href":"https:\/\/tilefly.com\/de\/wp-json\/wp\/v2\/product\/545457","targetHints":{"allow":["GET"]}}],"collection":[{"href":"https:\/\/tilefly.com\/de\/wp-json\/wp\/v2\/product"}],"about":[{"href":"https:\/\/tilefly.com\/de\/wp-json\/wp\/v2\/types\/product"}],"replies":[{"embeddable":true,"href":"https:\/\/tilefly.com\/de\/wp-json\/wp\/v2\/comments?post=545457"}],"wp:featuredmedia":[{"embeddable":true,"href":"https:\/\/tilefly.com\/de\/wp-json\/wp\/v2\/media\/544167"}],"wp:attachment":[{"href":"https:\/\/tilefly.com\/de\/wp-json\/wp\/v2\/media?parent=545457"}],"wp:term":[{"taxonomy":"product_brand","embeddable":true,"href":"https:\/\/tilefly.com\/de\/wp-json\/wp\/v2\/product_brand?post=545457"},{"taxonomy":"product_cat","embeddable":true,"href":"https:\/\/tilefly.com\/de\/wp-json\/wp\/v2\/product_cat?post=545457"},{"taxonomy":"product_tag","embeddable":true,"href":"https:\/\/tilefly.com\/de\/wp-json\/wp\/v2\/product_tag?post=545457"}],"curies":[{"name":"wp","href":"https:\/\/api.w.org\/{rel}","templated":true}]}}